{"id":8369,"date":"2021-03-04T08:49:27","date_gmt":"2021-03-04T08:49:27","guid":{"rendered":"https:\/\/ifyzio.sk\/?page_id=8369"},"modified":"2021-03-08T22:50:28","modified_gmt":"2021-03-08T22:50:28","slug":"gdpr","status":"publish","type":"page","link":"https:\/\/ifyzio.sk\/?page_id=8369","title":{"rendered":"GDPR, Obchodn\u00e9 podmienky, Reklama\u010dn\u00fd poriadok"},"content":{"rendered":"<div id=\"pl-8369\"  class=\"panel-layout\" ><div id=\"pg-8369-0\"  class=\"panel-grid panel-no-style\" ><div id=\"pgc-8369-0-0\"  class=\"panel-grid-cell\" ><div id=\"panel-8369-0-0-0\" class=\"so-panel widget widget_sow-editor panel-first-child\" data-index=\"0\" ><div class=\"so-widget-sow-editor so-widget-sow-editor-base\">\n<div class=\"siteorigin-widget-tinymce textwidget\">\n\t<a href=\"?page_id=8393\" target=\"_self\" class=\"btn btn-primary\" ><strong>V\u0161eobecn\u00e9 obchodn\u00e9 podmienky<\/strong><\/a>\n<\/div>\n<\/div><\/div><div id=\"panel-8369-0-0-1\" class=\"so-panel widget widget_sow-editor\" data-index=\"1\" ><div class=\"so-widget-sow-editor so-widget-sow-editor-base\">\n<div class=\"siteorigin-widget-tinymce textwidget\">\n\t<a href=\"?page_id=8399\" target=\"_self\" class=\"btn btn-primary\" >Ochrana osobn\u00fdch \u00fadajov - GDPR<\/a>\n<\/div>\n<\/div><\/div><div id=\"panel-8369-0-0-2\" class=\"so-panel widget widget_sow-editor panel-last-child\" data-index=\"2\" ><div class=\"so-widget-sow-editor so-widget-sow-editor-base\">\n<div class=\"siteorigin-widget-tinymce textwidget\">\n\t<a href=\"http:\/\/ifyzio.sk\/wp-content\/uploads\/2021\/03\/6.Formular_odstupenie_od_zmluvy_v1.pdf\" target=\"_blank\" class=\"btn btn-primary\" >Formul\u00e1r na odst\u00fapenie od zmluvy<\/a>\n<\/div>\n<\/div><\/div><\/div><div id=\"pgc-8369-0-1\"  class=\"panel-grid-cell\" ><div id=\"panel-8369-0-1-0\" class=\"so-panel widget widget_sow-editor panel-first-child\" data-index=\"3\" ><div class=\"so-widget-sow-editor so-widget-sow-editor-base\">\n<div class=\"siteorigin-widget-tinymce textwidget\">\n\t<a href=\"?page_id=8397\" target=\"_self\" class=\"btn btn-primary\" ><strong>Reklama\u010dn\u00fd poriadok<\/strong><\/a>\n<\/div>\n<\/div><\/div><div id=\"panel-8369-0-1-1\" class=\"so-panel widget widget_sow-editor panel-last-child\" data-index=\"4\" ><div class=\"so-widget-sow-editor so-widget-sow-editor-base\">\n<div class=\"siteorigin-widget-tinymce textwidget\">\n\t<a href=\"http:\/\/ifyzio.sk\/wp-content\/uploads\/2021\/03\/4.Reklamacny_formular_v1.pdf\" target=\"_blank\" class=\"btn btn-primary\" >Reklama\u010dn\u00fd formul\u00e1r<\/a>\n<\/div>\n<\/div><\/div><\/div><\/div><\/div>","protected":false},"excerpt":{"rendered":"<p>V\u0161eobecn\u00e9 obchodn\u00e9 podmienky Ochrana osobn\u00fdch \u00fadajov &#8211; GDPR Formul\u00e1r na odst\u00fapenie od zmluvy Reklama\u010dn\u00fd poriadok Reklama\u010dn\u00fd formul\u00e1r<\/p>\n","protected":false},"author":1,"featured_media":0,"parent":0,"menu_order":0,"comment_status":"closed","ping_status":"closed","template":"","meta":[],"yoast_head":"<!-- This site is optimized with the Yoast SEO plugin v15.9 - https:\/\/yoast.com\/wordpress\/plugins\/seo\/ -->\n<title>GDPR, Obchodn\u00e9 podmienky, Reklama\u010dn\u00fd poriadok - iFyzio - Mgr. Ivana Tankovi\u010dov\u00e1, fyzioterapeut, Bratislava - Ru\u017einov<\/title>\n<meta name=\"robots\" content=\"index, follow, max-snippet:-1, max-image-preview:large, max-video-preview:-1\" \/>\n<link rel=\"canonical\" href=\"https:\/\/ifyzio.sk\/?page_id=8369\" \/>\n<meta property=\"og:locale\" content=\"sk_SK\" \/>\n<meta property=\"og:type\" content=\"article\" \/>\n<meta property=\"og:title\" content=\"GDPR, Obchodn\u00e9 podmienky, Reklama\u010dn\u00fd poriadok - iFyzio - Mgr. Ivana Tankovi\u010dov\u00e1, fyzioterapeut, Bratislava - Ru\u017einov\" \/>\n<meta property=\"og:description\" content=\"V\u0161eobecn\u00e9 obchodn\u00e9 podmienky Ochrana osobn\u00fdch \u00fadajov - GDPR Formul\u00e1r na odst\u00fapenie od zmluvy Reklama\u010dn\u00fd poriadok Reklama\u010dn\u00fd formul\u00e1r\" \/>\n<meta property=\"og:url\" content=\"https:\/\/ifyzio.sk\/?page_id=8369\" \/>\n<meta property=\"og:site_name\" content=\"iFyzio - Mgr. Ivana Tankovi\u010dov\u00e1, fyzioterapeut, Bratislava - Ru\u017einov\" \/>\n<meta property=\"article:modified_time\" content=\"2021-03-08T22:50:28+00:00\" \/>\n<meta name=\"twitter:card\" content=\"summary_large_image\" \/>\n<meta name=\"twitter:label1\" content=\"Predpokladan\u00fd \u010das \u010d\u00edtania\">\n\t<meta name=\"twitter:data1\" content=\"1 min\u00fata\">\n<script type=\"application\/ld+json\" class=\"yoast-schema-graph\">{\"@context\":\"https:\/\/schema.org\",\"@graph\":[{\"@type\":\"WebSite\",\"@id\":\"https:\/\/ifyzio.sk\/#website\",\"url\":\"https:\/\/ifyzio.sk\/\",\"name\":\"iFyzio - Fyzio Pilates Reformer Blackroll Bratislava Ru\\u017einov\",\"description\":\"Rehabilita\\u010dn\\u00e9 centrum iFyzio - ne\\u0161t\\u00e1tne zdravotn\\u00edcke zariadenie\",\"potentialAction\":[{\"@type\":\"SearchAction\",\"target\":\"https:\/\/ifyzio.sk\/?s={search_term_string}\",\"query-input\":\"required name=search_term_string\"}],\"inLanguage\":\"sk-SK\"},{\"@type\":\"WebPage\",\"@id\":\"https:\/\/ifyzio.sk\/?page_id=8369#webpage\",\"url\":\"https:\/\/ifyzio.sk\/?page_id=8369\",\"name\":\"GDPR, Obchodn\\u00e9 podmienky, Reklama\\u010dn\\u00fd poriadok - iFyzio - Mgr. Ivana Tankovi\\u010dov\\u00e1, fyzioterapeut, Bratislava - Ru\\u017einov\",\"isPartOf\":{\"@id\":\"https:\/\/ifyzio.sk\/#website\"},\"datePublished\":\"2021-03-04T08:49:27+00:00\",\"dateModified\":\"2021-03-08T22:50:28+00:00\",\"breadcrumb\":{\"@id\":\"https:\/\/ifyzio.sk\/?page_id=8369#breadcrumb\"},\"inLanguage\":\"sk-SK\",\"potentialAction\":[{\"@type\":\"ReadAction\",\"target\":[\"https:\/\/ifyzio.sk\/?page_id=8369\"]}]},{\"@type\":\"BreadcrumbList\",\"@id\":\"https:\/\/ifyzio.sk\/?page_id=8369#breadcrumb\",\"itemListElement\":[{\"@type\":\"ListItem\",\"position\":1,\"item\":{\"@type\":\"WebPage\",\"@id\":\"https:\/\/ifyzio.sk\/\",\"url\":\"https:\/\/ifyzio.sk\/\",\"name\":\"Home\"}},{\"@type\":\"ListItem\",\"position\":2,\"item\":{\"@type\":\"WebPage\",\"@id\":\"https:\/\/ifyzio.sk\/?page_id=8369\",\"url\":\"https:\/\/ifyzio.sk\/?page_id=8369\",\"name\":\"GDPR, Obchodn\\u00e9 podmienky, Reklama\\u010dn\\u00fd poriadok\"}}]}]}<\/script>\n<!-- \/ Yoast SEO plugin. -->","_links":{"self":[{"href":"https:\/\/ifyzio.sk\/index.php?rest_route=\/wp\/v2\/pages\/8369"}],"collection":[{"href":"https:\/\/ifyzio.sk\/index.php?rest_route=\/wp\/v2\/pages"}],"about":[{"href":"https:\/\/ifyzio.sk\/index.php?rest_route=\/wp\/v2\/types\/page"}],"author":[{"embeddable":true,"href":"https:\/\/ifyzio.sk\/index.php?rest_route=\/wp\/v2\/users\/1"}],"replies":[{"embeddable":true,"href":"https:\/\/ifyzio.sk\/index.php?rest_route=%2Fwp%2Fv2%2Fcomments&post=8369"}],"version-history":[{"count":7,"href":"https:\/\/ifyzio.sk\/index.php?rest_route=\/wp\/v2\/pages\/8369\/revisions"}],"predecessor-version":[{"id":8415,"href":"https:\/\/ifyzio.sk\/index.php?rest_route=\/wp\/v2\/pages\/8369\/revisions\/8415"}],"wp:attachment":[{"href":"https:\/\/ifyzio.sk\/index.php?rest_route=%2Fwp%2Fv2%2Fmedia&parent=8369"}],"curies":[{"name":"wp","href":"https:\/\/api.w.org\/{rel}","templated":true}]}}