{"id":8363,"date":"2021-03-04T08:28:03","date_gmt":"2021-03-04T08:28:03","guid":{"rendered":"https:\/\/ifyzio.sk\/?page_id=8363"},"modified":"2021-03-04T09:09:25","modified_gmt":"2021-03-04T09:09:25","slug":"pokyny-pre-online","status":"publish","type":"page","link":"https:\/\/ifyzio.sk\/?page_id=8363","title":{"rendered":"Pokyny pre online"},"content":{"rendered":"<div id=\"pl-8363\"  class=\"panel-layout\" ><div id=\"pg-8363-0\"  class=\"panel-grid panel-no-style\" ><div id=\"pgc-8363-0-0\"  class=\"panel-grid-cell\" ><div id=\"panel-8363-0-0-0\" class=\"so-panel widget widget_sow-editor panel-first-child panel-last-child\" data-index=\"0\" ><div class=\"so-widget-sow-editor so-widget-sow-editor-base\">\n<div class=\"siteorigin-widget-tinymce textwidget\">\n\t<p><strong><a href=\"http:\/\/ifyzio.sk\/wp-content\/uploads\/2021\/03\/100.jpg\"><img loading=\"lazy\" class=\"alignnone wp-image-7481 size-full\" src=\"http:\/\/ifyzio.sk\/wp-content\/uploads\/2021\/03\/100.jpg\" alt=\"\" width=\"850\" height=\"567\" \/><\/a><\/strong><\/p>\n<\/div>\n<\/div><\/div><\/div><div id=\"pgc-8363-0-1\"  class=\"panel-grid-cell\" ><div id=\"panel-8363-0-1-0\" class=\"so-panel widget widget_sow-editor panel-first-child panel-last-child\" data-index=\"1\" ><div class=\"so-widget-sow-editor so-widget-sow-editor-base\">\n<div class=\"siteorigin-widget-tinymce textwidget\">\n\t<p><span style=\"color: #56afd5; font-size: 15px;\"><strong>Pokyny pre spojenie na online hodinu live:<br \/>\n<\/strong><\/span><\/p>\n<p><strong>1. hodiny prebiehah\u00fa v aplik\u00e1cii zoom<br \/>\n<\/strong>- pros\u00edme o stiahnutie bezplatnej aplik\u00e1cie ZOOM<br \/>\n<a href=\"https:\/\/zoom.us\/download\" target=\"_blank\" rel=\"noopener\">\/LINK NA STIAHNUTIE\/\u00a0<\/a> je pr\u00edstupn\u00e1 pre Windows, iOS a Android.<\/p>\n<p><strong>Doporu\u010denie:<\/strong> pou\u017ei\u0165 notebook, po\u010d\u00edta\u010d, mo\u017enos\u0165 prepojenia na TV pre lep\u0161\u00ed z\u00e1\u017eitok z hodiny.<\/p>\n<p><strong>2. zak\u00fapte si<\/strong> na str\u00e1nke v sekcii <a href=\"https:\/\/ifyzio.sk\/?page_id=8308\">N\u00c1KUP A REZERV\u00c1CIA ONLINE PILATES<\/a> konkr\u00e9tnu hodinu pod\u013ea d\u00e1tumu<\/p>\n<p>- bud\u00fa k dispoz\u00edci\u00ed v\u0161etky mo\u017en\u00e9 term\u00edny v danom mesiaci<br \/>\n- cena jednej hodiny je 5,5\u20ac<br \/>\n- po zak\u00fapen\u00ed V\u00e1m pr\u00edde automaticky mail s potvrden\u00edm a link ku pripojeniu na vami vybran\u00fa hodinu.<br \/>\n<strong>STORNO HODINY NIE JE MO\u017dN\u00c9!<\/strong><\/p>\n<p><strong>3. na hodinu budete potrebova\u0165:<br \/>\n<\/strong>- podlo\u017eku - doporu\u010duje sa rozmer 180 d\u013a\u017eka x60 \u0161\u00edrka x1,5 cm hr\u00fabka<br \/>\n- na hodin\u00e1ch sa vyu\u017e\u00edvaj\u00fa pilates pomocky: gumen\u00fd p\u00e1s, band, pilates kruh-magic circle, mal\u00e1 lopta- over ball, \u010dinky hmotnos\u0165 0,5-1kg, \/blackroll valec\/<\/p>\n<p><strong>4. prip\u00e1janie na hodinu<\/strong> - do virtu\u00e1lnej s\u00e1ly je mo\u017en\u00e9 15 min. vopred, lekcia za\u010d\u00edna v presne stanoven\u00fd \u010das<\/p>\n<p><strong>5. pre kontrolu in\u0161truktorom<\/strong> doporu\u010dujeme ma\u0165 zapnut\u00fa kameru<\/p>\n<\/div>\n<\/div><\/div><\/div><\/div><\/div>","protected":false},"excerpt":{"rendered":"<p>Pokyny pre spojenie na online hodinu live: 1. hodiny prebiehah\u00fa v aplik\u00e1cii zoom &#8211; pros\u00edme o stiahnutie bezplatnej aplik\u00e1cie ZOOM \/LINK NA STIAHNUTIE\/\u00a0 je pr\u00edstupn\u00e1 pre Windows, iOS a Android. Doporu\u010denie: pou\u017ei\u0165 notebook, po\u010d\u00edta\u010d, mo\u017enos\u0165 prepojenia na TV pre lep\u0161\u00ed z\u00e1\u017eitok z hodiny. 2. zak\u00fapte si na str\u00e1nke v sekcii N\u00c1KUP A REZERV\u00c1CIA ONLINE PILATES [&hellip;]<\/p>\n","protected":false},"author":1,"featured_media":0,"parent":0,"menu_order":0,"comment_status":"closed","ping_status":"closed","template":"","meta":[],"yoast_head":"<!-- This site is optimized with the Yoast SEO plugin v15.9 - https:\/\/yoast.com\/wordpress\/plugins\/seo\/ -->\n<title>Pokyny pre online - iFyzio - Mgr. Ivana Tankovi\u010dov\u00e1, fyzioterapeut, Bratislava - Ru\u017einov<\/title>\n<meta name=\"robots\" content=\"index, follow, max-snippet:-1, max-image-preview:large, max-video-preview:-1\" \/>\n<link rel=\"canonical\" href=\"https:\/\/ifyzio.sk\/?page_id=8363\" \/>\n<meta property=\"og:locale\" content=\"sk_SK\" \/>\n<meta property=\"og:type\" content=\"article\" \/>\n<meta property=\"og:title\" content=\"Pokyny pre online - iFyzio - Mgr. Ivana Tankovi\u010dov\u00e1, fyzioterapeut, Bratislava - Ru\u017einov\" \/>\n<meta property=\"og:description\" content=\"Pokyny pre spojenie na online hodinu live: 1. hodiny prebiehah\u00fa v aplik\u00e1cii zoom - pros\u00edme o stiahnutie bezplatnej aplik\u00e1cie ZOOM \/LINK NA STIAHNUTIE\/\u00a0 je pr\u00edstupn\u00e1 pre Windows, iOS a Android. Doporu\u010denie: pou\u017ei\u0165 notebook, po\u010d\u00edta\u010d, mo\u017enos\u0165 prepojenia na TV pre lep\u0161\u00ed z\u00e1\u017eitok z hodiny. 2. zak\u00fapte si na str\u00e1nke v sekcii N\u00c1KUP A REZERV\u00c1CIA ONLINE PILATES [&hellip;]\" \/>\n<meta property=\"og:url\" content=\"https:\/\/ifyzio.sk\/?page_id=8363\" \/>\n<meta property=\"og:site_name\" content=\"iFyzio - Mgr. Ivana Tankovi\u010dov\u00e1, fyzioterapeut, Bratislava - Ru\u017einov\" \/>\n<meta property=\"article:modified_time\" content=\"2021-03-04T09:09:25+00:00\" \/>\n<meta property=\"og:image\" content=\"http:\/\/ifyzio.sk\/wp-content\/uploads\/2021\/03\/100.jpg\" \/>\n<meta name=\"twitter:card\" content=\"summary_large_image\" \/>\n<meta name=\"twitter:label1\" content=\"Predpokladan\u00fd \u010das \u010d\u00edtania\">\n\t<meta name=\"twitter:data1\" content=\"1 min\u00fata\">\n<script type=\"application\/ld+json\" class=\"yoast-schema-graph\">{\"@context\":\"https:\/\/schema.org\",\"@graph\":[{\"@type\":\"WebSite\",\"@id\":\"https:\/\/ifyzio.sk\/#website\",\"url\":\"https:\/\/ifyzio.sk\/\",\"name\":\"iFyzio - Fyzio Pilates Reformer Blackroll Bratislava Ru\\u017einov\",\"description\":\"Rehabilita\\u010dn\\u00e9 centrum iFyzio - ne\\u0161t\\u00e1tne zdravotn\\u00edcke zariadenie\",\"potentialAction\":[{\"@type\":\"SearchAction\",\"target\":\"https:\/\/ifyzio.sk\/?s={search_term_string}\",\"query-input\":\"required name=search_term_string\"}],\"inLanguage\":\"sk-SK\"},{\"@type\":\"ImageObject\",\"@id\":\"https:\/\/ifyzio.sk\/?page_id=8363#primaryimage\",\"inLanguage\":\"sk-SK\",\"url\":\"http:\/\/ifyzio.sk\/wp-content\/uploads\/2021\/03\/100.jpg\"},{\"@type\":\"WebPage\",\"@id\":\"https:\/\/ifyzio.sk\/?page_id=8363#webpage\",\"url\":\"https:\/\/ifyzio.sk\/?page_id=8363\",\"name\":\"Pokyny pre online - iFyzio - Mgr. Ivana Tankovi\\u010dov\\u00e1, fyzioterapeut, Bratislava - Ru\\u017einov\",\"isPartOf\":{\"@id\":\"https:\/\/ifyzio.sk\/#website\"},\"primaryImageOfPage\":{\"@id\":\"https:\/\/ifyzio.sk\/?page_id=8363#primaryimage\"},\"datePublished\":\"2021-03-04T08:28:03+00:00\",\"dateModified\":\"2021-03-04T09:09:25+00:00\",\"breadcrumb\":{\"@id\":\"https:\/\/ifyzio.sk\/?page_id=8363#breadcrumb\"},\"inLanguage\":\"sk-SK\",\"potentialAction\":[{\"@type\":\"ReadAction\",\"target\":[\"https:\/\/ifyzio.sk\/?page_id=8363\"]}]},{\"@type\":\"BreadcrumbList\",\"@id\":\"https:\/\/ifyzio.sk\/?page_id=8363#breadcrumb\",\"itemListElement\":[{\"@type\":\"ListItem\",\"position\":1,\"item\":{\"@type\":\"WebPage\",\"@id\":\"https:\/\/ifyzio.sk\/\",\"url\":\"https:\/\/ifyzio.sk\/\",\"name\":\"Home\"}},{\"@type\":\"ListItem\",\"position\":2,\"item\":{\"@type\":\"WebPage\",\"@id\":\"https:\/\/ifyzio.sk\/?page_id=8363\",\"url\":\"https:\/\/ifyzio.sk\/?page_id=8363\",\"name\":\"Pokyny pre online\"}}]}]}<\/script>\n<!-- \/ Yoast SEO plugin. -->","_links":{"self":[{"href":"https:\/\/ifyzio.sk\/index.php?rest_route=\/wp\/v2\/pages\/8363"}],"collection":[{"href":"https:\/\/ifyzio.sk\/index.php?rest_route=\/wp\/v2\/pages"}],"about":[{"href":"https:\/\/ifyzio.sk\/index.php?rest_route=\/wp\/v2\/types\/page"}],"author":[{"embeddable":true,"href":"https:\/\/ifyzio.sk\/index.php?rest_route=\/wp\/v2\/users\/1"}],"replies":[{"embeddable":true,"href":"https:\/\/ifyzio.sk\/index.php?rest_route=%2Fwp%2Fv2%2Fcomments&post=8363"}],"version-history":[{"count":4,"href":"https:\/\/ifyzio.sk\/index.php?rest_route=\/wp\/v2\/pages\/8363\/revisions"}],"predecessor-version":[{"id":8388,"href":"https:\/\/ifyzio.sk\/index.php?rest_route=\/wp\/v2\/pages\/8363\/revisions\/8388"}],"wp:attachment":[{"href":"https:\/\/ifyzio.sk\/index.php?rest_route=%2Fwp%2Fv2%2Fmedia&parent=8363"}],"curies":[{"name":"wp","href":"https:\/\/api.w.org\/{rel}","templated":true}]}}