{"id":8316,"date":"2021-03-03T11:57:33","date_gmt":"2021-03-03T11:57:33","guid":{"rendered":"https:\/\/ifyzio.sk\/?page_id=8316"},"modified":"2021-03-03T12:09:27","modified_gmt":"2021-03-03T12:09:27","slug":"preco-cvicit-online","status":"publish","type":"page","link":"https:\/\/ifyzio.sk\/?page_id=8316","title":{"rendered":"Pre\u010do cvi\u010di\u0165 online?"},"content":{"rendered":"<div id=\"pl-8316\"  class=\"panel-layout\" ><div id=\"pg-8316-0\"  class=\"panel-grid panel-no-style\" ><div id=\"pgc-8316-0-0\"  class=\"panel-grid-cell\" ><div id=\"panel-8316-0-0-0\" class=\"so-panel widget widget_sow-editor panel-first-child panel-last-child\" data-index=\"0\" ><div class=\"so-widget-sow-editor so-widget-sow-editor-base\">\n<div class=\"siteorigin-widget-tinymce textwidget\">\n\t<p><strong><a href=\"http:\/\/ifyzio.sk\/wp-content\/uploads\/2021\/03\/Iva02.jpg\"><img loading=\"lazy\" class=\"alignnone wp-image-7481 size-full\" src=\"http:\/\/ifyzio.sk\/wp-content\/uploads\/2021\/03\/Iva02.jpg\" alt=\"\" width=\"850\" height=\"567\" \/><\/a><\/strong><\/p>\n<\/div>\n<\/div><\/div><\/div><div id=\"pgc-8316-0-1\"  class=\"panel-grid-cell\" ><div id=\"panel-8316-0-1-0\" class=\"so-panel widget widget_sow-editor panel-first-child panel-last-child\" data-index=\"1\" ><div class=\"so-widget-sow-editor so-widget-sow-editor-base\">\n<div class=\"siteorigin-widget-tinymce textwidget\">\n\t<p><span style=\"color: #56afd5; font-size: 15px;\"><strong>Pre\u010do cvi\u010di\u0165 online?<br \/>\n<\/strong><\/span><\/p>\n<p>Online pilates ako mo\u017enos\u0165 cvi\u010di\u0165 aj po\u010das pand\u00e9mie a nestrati\u0165 kontakt s \u013eudmi rovnak\u00fdch z\u00e1ujmov, pote\u0161i\u0165 sa cvi\u010den\u00edm po celom dni home office. <\/p>\n<p>Online - je  dostupn\u00fd pre v\u0161etk\u00fdch, spojenie mo\u017en\u00e9 zo v\u0161etk\u00fdch k\u00fatov sveta...<\/p>\n<p>Online - je mo\u017enos\u0165 cvi\u010di\u0165 pre mami\u010dky na materskej dovolenke a s mal\u00fdmi de\u0165mi.<\/p>\n<p>A hlavne online pre v\u0161etk\u00fdch, ktor\u00fdm vyhovuje t\u00e1to forma z ak\u00fdchko\u013evek d\u00f4vodov <\/p>\n<p>Ivana<\/p>\n<\/div>\n<\/div><\/div><\/div><\/div><\/div>","protected":false},"excerpt":{"rendered":"<p>Pre\u010do cvi\u010di\u0165 online? Online pilates ako mo\u017enos\u0165 cvi\u010di\u0165 aj po\u010das pand\u00e9mie a nestrati\u0165 kontakt s \u013eudmi rovnak\u00fdch z\u00e1ujmov, pote\u0161i\u0165 sa cvi\u010den\u00edm po celom dni home office. Online &#8211; je dostupn\u00fd pre v\u0161etk\u00fdch, spojenie mo\u017en\u00e9 zo v\u0161etk\u00fdch k\u00fatov sveta&#8230; Online &#8211; je mo\u017enos\u0165 cvi\u010di\u0165 pre mami\u010dky na materskej dovolenke a s mal\u00fdmi de\u0165mi. A hlavne online [&hellip;]<\/p>\n","protected":false},"author":1,"featured_media":0,"parent":0,"menu_order":0,"comment_status":"closed","ping_status":"closed","template":"","meta":[],"yoast_head":"<!-- This site is optimized with the Yoast SEO plugin v15.9 - https:\/\/yoast.com\/wordpress\/plugins\/seo\/ -->\n<title>Pre\u010do cvi\u010di\u0165 online? - iFyzio - Mgr. Ivana Tankovi\u010dov\u00e1, fyzioterapeut, Bratislava - Ru\u017einov<\/title>\n<meta name=\"robots\" content=\"index, follow, max-snippet:-1, max-image-preview:large, max-video-preview:-1\" \/>\n<link rel=\"canonical\" href=\"https:\/\/ifyzio.sk\/?page_id=8316\" \/>\n<meta property=\"og:locale\" content=\"sk_SK\" \/>\n<meta property=\"og:type\" content=\"article\" \/>\n<meta property=\"og:title\" content=\"Pre\u010do cvi\u010di\u0165 online? - iFyzio - Mgr. Ivana Tankovi\u010dov\u00e1, fyzioterapeut, Bratislava - Ru\u017einov\" \/>\n<meta property=\"og:description\" content=\"Pre\u010do cvi\u010di\u0165 online? Online pilates ako mo\u017enos\u0165 cvi\u010di\u0165 aj po\u010das pand\u00e9mie a nestrati\u0165 kontakt s \u013eudmi rovnak\u00fdch z\u00e1ujmov, pote\u0161i\u0165 sa cvi\u010den\u00edm po celom dni home office. Online - je dostupn\u00fd pre v\u0161etk\u00fdch, spojenie mo\u017en\u00e9 zo v\u0161etk\u00fdch k\u00fatov sveta... Online - je mo\u017enos\u0165 cvi\u010di\u0165 pre mami\u010dky na materskej dovolenke a s mal\u00fdmi de\u0165mi. A hlavne online [&hellip;]\" \/>\n<meta property=\"og:url\" content=\"https:\/\/ifyzio.sk\/?page_id=8316\" \/>\n<meta property=\"og:site_name\" content=\"iFyzio - Mgr. Ivana Tankovi\u010dov\u00e1, fyzioterapeut, Bratislava - Ru\u017einov\" \/>\n<meta property=\"article:modified_time\" content=\"2021-03-03T12:09:27+00:00\" \/>\n<meta property=\"og:image\" content=\"http:\/\/ifyzio.sk\/wp-content\/uploads\/2021\/03\/Iva02.jpg\" \/>\n<meta name=\"twitter:card\" content=\"summary_large_image\" \/>\n<meta name=\"twitter:label1\" content=\"Predpokladan\u00fd \u010das \u010d\u00edtania\">\n\t<meta name=\"twitter:data1\" content=\"1 min\u00fata\">\n<script type=\"application\/ld+json\" class=\"yoast-schema-graph\">{\"@context\":\"https:\/\/schema.org\",\"@graph\":[{\"@type\":\"WebSite\",\"@id\":\"https:\/\/ifyzio.sk\/#website\",\"url\":\"https:\/\/ifyzio.sk\/\",\"name\":\"iFyzio - Fyzio Pilates Reformer Blackroll Bratislava Ru\\u017einov\",\"description\":\"Rehabilita\\u010dn\\u00e9 centrum iFyzio - ne\\u0161t\\u00e1tne zdravotn\\u00edcke zariadenie\",\"potentialAction\":[{\"@type\":\"SearchAction\",\"target\":\"https:\/\/ifyzio.sk\/?s={search_term_string}\",\"query-input\":\"required name=search_term_string\"}],\"inLanguage\":\"sk-SK\"},{\"@type\":\"ImageObject\",\"@id\":\"https:\/\/ifyzio.sk\/?page_id=8316#primaryimage\",\"inLanguage\":\"sk-SK\",\"url\":\"http:\/\/ifyzio.sk\/wp-content\/uploads\/2021\/03\/Iva02.jpg\"},{\"@type\":\"WebPage\",\"@id\":\"https:\/\/ifyzio.sk\/?page_id=8316#webpage\",\"url\":\"https:\/\/ifyzio.sk\/?page_id=8316\",\"name\":\"Pre\\u010do cvi\\u010di\\u0165 online? - iFyzio - Mgr. Ivana Tankovi\\u010dov\\u00e1, fyzioterapeut, Bratislava - Ru\\u017einov\",\"isPartOf\":{\"@id\":\"https:\/\/ifyzio.sk\/#website\"},\"primaryImageOfPage\":{\"@id\":\"https:\/\/ifyzio.sk\/?page_id=8316#primaryimage\"},\"datePublished\":\"2021-03-03T11:57:33+00:00\",\"dateModified\":\"2021-03-03T12:09:27+00:00\",\"breadcrumb\":{\"@id\":\"https:\/\/ifyzio.sk\/?page_id=8316#breadcrumb\"},\"inLanguage\":\"sk-SK\",\"potentialAction\":[{\"@type\":\"ReadAction\",\"target\":[\"https:\/\/ifyzio.sk\/?page_id=8316\"]}]},{\"@type\":\"BreadcrumbList\",\"@id\":\"https:\/\/ifyzio.sk\/?page_id=8316#breadcrumb\",\"itemListElement\":[{\"@type\":\"ListItem\",\"position\":1,\"item\":{\"@type\":\"WebPage\",\"@id\":\"https:\/\/ifyzio.sk\/\",\"url\":\"https:\/\/ifyzio.sk\/\",\"name\":\"Home\"}},{\"@type\":\"ListItem\",\"position\":2,\"item\":{\"@type\":\"WebPage\",\"@id\":\"https:\/\/ifyzio.sk\/?page_id=8316\",\"url\":\"https:\/\/ifyzio.sk\/?page_id=8316\",\"name\":\"Pre\\u010do cvi\\u010di\\u0165 online?\"}}]}]}<\/script>\n<!-- \/ Yoast SEO plugin. -->","_links":{"self":[{"href":"https:\/\/ifyzio.sk\/index.php?rest_route=\/wp\/v2\/pages\/8316"}],"collection":[{"href":"https:\/\/ifyzio.sk\/index.php?rest_route=\/wp\/v2\/pages"}],"about":[{"href":"https:\/\/ifyzio.sk\/index.php?rest_route=\/wp\/v2\/types\/page"}],"author":[{"embeddable":true,"href":"https:\/\/ifyzio.sk\/index.php?rest_route=\/wp\/v2\/users\/1"}],"replies":[{"embeddable":true,"href":"https:\/\/ifyzio.sk\/index.php?rest_route=%2Fwp%2Fv2%2Fcomments&post=8316"}],"version-history":[{"count":4,"href":"https:\/\/ifyzio.sk\/index.php?rest_route=\/wp\/v2\/pages\/8316\/revisions"}],"predecessor-version":[{"id":8323,"href":"https:\/\/ifyzio.sk\/index.php?rest_route=\/wp\/v2\/pages\/8316\/revisions\/8323"}],"wp:attachment":[{"href":"https:\/\/ifyzio.sk\/index.php?rest_route=%2Fwp%2Fv2%2Fmedia&parent=8316"}],"curies":[{"name":"wp","href":"https:\/\/api.w.org\/{rel}","templated":true}]}}