{"id":8308,"date":"2021-03-03T11:46:42","date_gmt":"2021-03-03T11:46:42","guid":{"rendered":"https:\/\/ifyzio.sk\/?page_id=8308"},"modified":"2023-11-10T21:09:36","modified_gmt":"2023-11-10T21:09:36","slug":"nakup-a-rezervacia-hodiny","status":"publish","type":"page","link":"https:\/\/ifyzio.sk\/?page_id=8308","title":{"rendered":"N\u00e1kup a rezerv\u00e1cia hodiny ONLINE PILATES"},"content":{"rendered":"<div id=\"pl-8308\"  class=\"panel-layout\" ><div id=\"pg-8308-0\"  class=\"panel-grid panel-no-style\" ><div id=\"pgc-8308-0-0\"  class=\"panel-grid-cell\" ><div id=\"panel-8308-0-0-0\" class=\"so-panel widget widget_sow-editor panel-first-child panel-last-child\" data-index=\"0\" ><div class=\"so-widget-sow-editor so-widget-sow-editor-base\">\n<div class=\"siteorigin-widget-tinymce textwidget\">\n\t<p><span style=\"color: #56afd5; font-size: 15px;\"><strong>Bli\u017e\u0161ie inform\u00e1cie telefonicky.  <\/strong><\/span><\/p>\n<\/div>\n<\/div><\/div><\/div><\/div><div id=\"pg-8308-1\"  class=\"panel-grid panel-no-style\" ><div id=\"pgc-8308-1-0\"  class=\"panel-grid-cell panel-grid-cell-empty\" ><\/div><\/div><div id=\"pg-8308-2\"  class=\"panel-grid panel-no-style\" ><div id=\"pgc-8308-2-0\"  class=\"panel-grid-cell panel-grid-cell-empty\" ><\/div><\/div><div id=\"pg-8308-3\"  class=\"panel-grid panel-no-style\" ><div id=\"pgc-8308-3-0\"  class=\"panel-grid-cell panel-grid-cell-empty\" ><\/div><\/div><\/div>","protected":false},"excerpt":{"rendered":"<p>Bli\u017e\u0161ie inform\u00e1cie telefonicky.<\/p>\n","protected":false},"author":1,"featured_media":0,"parent":0,"menu_order":0,"comment_status":"closed","ping_status":"closed","template":"","meta":[],"yoast_head":"<!-- This site is optimized with the Yoast SEO plugin v15.9 - https:\/\/yoast.com\/wordpress\/plugins\/seo\/ -->\n<title>N\u00e1kup a rezerv\u00e1cia hodiny ONLINE PILATES - iFyzio - Mgr. Ivana Tankovi\u010dov\u00e1, fyzioterapeut, Bratislava - Ru\u017einov<\/title>\n<meta name=\"robots\" content=\"index, follow, max-snippet:-1, max-image-preview:large, max-video-preview:-1\" \/>\n<link rel=\"canonical\" href=\"https:\/\/ifyzio.sk\/?page_id=8308\" \/>\n<meta property=\"og:locale\" content=\"sk_SK\" \/>\n<meta property=\"og:type\" content=\"article\" \/>\n<meta property=\"og:title\" content=\"N\u00e1kup a rezerv\u00e1cia hodiny ONLINE PILATES - iFyzio - Mgr. Ivana Tankovi\u010dov\u00e1, fyzioterapeut, Bratislava - Ru\u017einov\" \/>\n<meta property=\"og:description\" content=\"Bli\u017e\u0161ie inform\u00e1cie telefonicky.\" \/>\n<meta property=\"og:url\" content=\"https:\/\/ifyzio.sk\/?page_id=8308\" \/>\n<meta property=\"og:site_name\" content=\"iFyzio - Mgr. Ivana Tankovi\u010dov\u00e1, fyzioterapeut, Bratislava - Ru\u017einov\" \/>\n<meta property=\"article:modified_time\" content=\"2023-11-10T21:09:36+00:00\" \/>\n<meta name=\"twitter:card\" content=\"summary_large_image\" \/>\n<meta name=\"twitter:label1\" content=\"Predpokladan\u00fd \u010das \u010d\u00edtania\">\n\t<meta name=\"twitter:data1\" content=\"1 min\u00fata\">\n<script type=\"application\/ld+json\" class=\"yoast-schema-graph\">{\"@context\":\"https:\/\/schema.org\",\"@graph\":[{\"@type\":\"WebSite\",\"@id\":\"https:\/\/ifyzio.sk\/#website\",\"url\":\"https:\/\/ifyzio.sk\/\",\"name\":\"iFyzio - Fyzio Pilates Reformer Blackroll Bratislava Ru\\u017einov\",\"description\":\"Rehabilita\\u010dn\\u00e9 centrum iFyzio - ne\\u0161t\\u00e1tne zdravotn\\u00edcke zariadenie\",\"potentialAction\":[{\"@type\":\"SearchAction\",\"target\":\"https:\/\/ifyzio.sk\/?s={search_term_string}\",\"query-input\":\"required name=search_term_string\"}],\"inLanguage\":\"sk-SK\"},{\"@type\":\"WebPage\",\"@id\":\"https:\/\/ifyzio.sk\/?page_id=8308#webpage\",\"url\":\"https:\/\/ifyzio.sk\/?page_id=8308\",\"name\":\"N\\u00e1kup a rezerv\\u00e1cia hodiny ONLINE PILATES - iFyzio - Mgr. Ivana Tankovi\\u010dov\\u00e1, fyzioterapeut, Bratislava - Ru\\u017einov\",\"isPartOf\":{\"@id\":\"https:\/\/ifyzio.sk\/#website\"},\"datePublished\":\"2021-03-03T11:46:42+00:00\",\"dateModified\":\"2023-11-10T21:09:36+00:00\",\"breadcrumb\":{\"@id\":\"https:\/\/ifyzio.sk\/?page_id=8308#breadcrumb\"},\"inLanguage\":\"sk-SK\",\"potentialAction\":[{\"@type\":\"ReadAction\",\"target\":[\"https:\/\/ifyzio.sk\/?page_id=8308\"]}]},{\"@type\":\"BreadcrumbList\",\"@id\":\"https:\/\/ifyzio.sk\/?page_id=8308#breadcrumb\",\"itemListElement\":[{\"@type\":\"ListItem\",\"position\":1,\"item\":{\"@type\":\"WebPage\",\"@id\":\"https:\/\/ifyzio.sk\/\",\"url\":\"https:\/\/ifyzio.sk\/\",\"name\":\"Home\"}},{\"@type\":\"ListItem\",\"position\":2,\"item\":{\"@type\":\"WebPage\",\"@id\":\"https:\/\/ifyzio.sk\/?page_id=8308\",\"url\":\"https:\/\/ifyzio.sk\/?page_id=8308\",\"name\":\"N\\u00e1kup a rezerv\\u00e1cia hodiny ONLINE PILATES\"}}]}]}<\/script>\n<!-- \/ Yoast SEO plugin. -->","_links":{"self":[{"href":"https:\/\/ifyzio.sk\/index.php?rest_route=\/wp\/v2\/pages\/8308"}],"collection":[{"href":"https:\/\/ifyzio.sk\/index.php?rest_route=\/wp\/v2\/pages"}],"about":[{"href":"https:\/\/ifyzio.sk\/index.php?rest_route=\/wp\/v2\/types\/page"}],"author":[{"embeddable":true,"href":"https:\/\/ifyzio.sk\/index.php?rest_route=\/wp\/v2\/users\/1"}],"replies":[{"embeddable":true,"href":"https:\/\/ifyzio.sk\/index.php?rest_route=%2Fwp%2Fv2%2Fcomments&post=8308"}],"version-history":[{"count":11,"href":"https:\/\/ifyzio.sk\/index.php?rest_route=\/wp\/v2\/pages\/8308\/revisions"}],"predecessor-version":[{"id":9550,"href":"https:\/\/ifyzio.sk\/index.php?rest_route=\/wp\/v2\/pages\/8308\/revisions\/9550"}],"wp:attachment":[{"href":"https:\/\/ifyzio.sk\/index.php?rest_route=%2Fwp%2Fv2%2Fmedia&parent=8308"}],"curies":[{"name":"wp","href":"https:\/\/api.w.org\/{rel}","templated":true}]}}