{"id":8284,"date":"2021-03-02T09:13:38","date_gmt":"2021-03-02T09:13:38","guid":{"rendered":"https:\/\/ifyzio.sk\/?page_id=8284"},"modified":"2023-11-10T21:05:13","modified_gmt":"2023-11-10T21:05:13","slug":"online-ponuka-programov","status":"publish","type":"page","link":"https:\/\/ifyzio.sk\/?page_id=8284","title":{"rendered":"Online ponuka programov"},"content":{"rendered":"<div id=\"pl-8284\"  class=\"panel-layout\" ><div id=\"pg-8284-0\"  class=\"panel-grid panel-no-style\" ><div id=\"pgc-8284-0-0\"  class=\"panel-grid-cell\" ><div id=\"panel-8284-0-0-0\" class=\"so-panel widget widget_sow-editor panel-first-child panel-last-child\" data-index=\"0\" ><div class=\"so-widget-sow-editor so-widget-sow-editor-base\">\n<div class=\"siteorigin-widget-tinymce textwidget\">\n\t<p><strong><a href=\"http:\/\/ifyzio.sk\/wp-content\/uploads\/2021\/03\/103.jpg\"><img loading=\"lazy\" class=\"alignnone wp-image-7481 size-full\" src=\"http:\/\/ifyzio.sk\/wp-content\/uploads\/2021\/03\/103.jpg\" alt=\"\" width=\"850\" height=\"567\" \/><\/a><\/strong><\/p>\n<\/div>\n<\/div><\/div><\/div><div id=\"pgc-8284-0-1\"  class=\"panel-grid-cell\" ><div id=\"panel-8284-0-1-0\" class=\"so-panel widget widget_sow-editor panel-first-child panel-last-child\" data-index=\"1\" ><div class=\"so-widget-sow-editor so-widget-sow-editor-base\">\n<div class=\"siteorigin-widget-tinymce textwidget\">\n\t<p><span style=\"color: #56afd5; font-size: 15px;\"><strong>Online ponuka programov<br \/>\n<\/strong><\/span><\/p>\n<p><strong>Online pilates<\/strong> pod\u013ea rozvrhu:<\/p>\n<p>Utorok 19:10<\/p>\n<a href=\"?page_id=8308\" target=\"_self\" class=\"btn btn-primary\" >Registr\u00e1cia a n\u00e1kup hodiny ONLINE PILATES<\/a>\n<p>&nbsp;<\/p>\n<p><strong>Online fyzioterapia konzult\u00e1cia <\/strong>\u2013 30min.<\/p>\n<p><strong>Online individu\u00e1lna fyzioterapia <\/strong>\u2013 50min.<\/p>\n<p>Pre rezerv\u00e1ciu individu\u00e1lnych hod\u00edn n\u00e1m nap\u00ed\u0161te alebo zavolajte.<\/p>\n<a href=\"?page_id=117\" target=\"_self\" class=\"btn btn-primary\" >Pre rezerv\u00e1ciu INDIVIDU\u00c1LNYCH HOD\u00cdN n\u00e1m zavolajte<\/a>\n<p>&nbsp;<\/p>\n<p>&nbsp;<\/p>\n<p>&nbsp;<\/p>\n<\/div>\n<\/div><\/div><\/div><\/div><\/div>","protected":false},"excerpt":{"rendered":"<p>Online ponuka programov Online pilates pod\u013ea rozvrhu: Utorok 19:10 &nbsp; Online fyzioterapia konzult\u00e1cia \u2013 30min. Online individu\u00e1lna fyzioterapia \u2013 50min. Pre rezerv\u00e1ciu individu\u00e1lnych hod\u00edn n\u00e1m nap\u00ed\u0161te alebo zavolajte. &nbsp; &nbsp; &nbsp;<\/p>\n","protected":false},"author":1,"featured_media":0,"parent":0,"menu_order":0,"comment_status":"closed","ping_status":"closed","template":"","meta":[],"yoast_head":"<!-- This site is optimized with the Yoast SEO plugin v15.9 - https:\/\/yoast.com\/wordpress\/plugins\/seo\/ -->\n<title>Online ponuka programov - iFyzio - Mgr. Ivana Tankovi\u010dov\u00e1, fyzioterapeut, Bratislava - Ru\u017einov<\/title>\n<meta name=\"robots\" content=\"index, follow, max-snippet:-1, max-image-preview:large, max-video-preview:-1\" \/>\n<link rel=\"canonical\" href=\"https:\/\/ifyzio.sk\/?page_id=8284\" \/>\n<meta property=\"og:locale\" content=\"sk_SK\" \/>\n<meta property=\"og:type\" content=\"article\" \/>\n<meta property=\"og:title\" content=\"Online ponuka programov - iFyzio - Mgr. Ivana Tankovi\u010dov\u00e1, fyzioterapeut, Bratislava - Ru\u017einov\" \/>\n<meta property=\"og:description\" content=\"Online ponuka programov Online pilates pod\u013ea rozvrhu: Utorok 19:10 &nbsp; Online fyzioterapia konzult\u00e1cia \u2013 30min. Online individu\u00e1lna fyzioterapia \u2013 50min. Pre rezerv\u00e1ciu individu\u00e1lnych hod\u00edn n\u00e1m nap\u00ed\u0161te alebo zavolajte. &nbsp; &nbsp; &nbsp;\" \/>\n<meta property=\"og:url\" content=\"https:\/\/ifyzio.sk\/?page_id=8284\" \/>\n<meta property=\"og:site_name\" content=\"iFyzio - Mgr. Ivana Tankovi\u010dov\u00e1, fyzioterapeut, Bratislava - Ru\u017einov\" \/>\n<meta property=\"article:modified_time\" content=\"2023-11-10T21:05:13+00:00\" \/>\n<meta property=\"og:image\" content=\"http:\/\/ifyzio.sk\/wp-content\/uploads\/2021\/03\/103.jpg\" \/>\n<meta name=\"twitter:card\" content=\"summary_large_image\" \/>\n<meta name=\"twitter:label1\" content=\"Predpokladan\u00fd \u010das \u010d\u00edtania\">\n\t<meta name=\"twitter:data1\" content=\"1 min\u00fata\">\n<script type=\"application\/ld+json\" class=\"yoast-schema-graph\">{\"@context\":\"https:\/\/schema.org\",\"@graph\":[{\"@type\":\"WebSite\",\"@id\":\"https:\/\/ifyzio.sk\/#website\",\"url\":\"https:\/\/ifyzio.sk\/\",\"name\":\"iFyzio - Fyzio Pilates Reformer Blackroll Bratislava Ru\\u017einov\",\"description\":\"Rehabilita\\u010dn\\u00e9 centrum iFyzio - ne\\u0161t\\u00e1tne zdravotn\\u00edcke zariadenie\",\"potentialAction\":[{\"@type\":\"SearchAction\",\"target\":\"https:\/\/ifyzio.sk\/?s={search_term_string}\",\"query-input\":\"required name=search_term_string\"}],\"inLanguage\":\"sk-SK\"},{\"@type\":\"ImageObject\",\"@id\":\"https:\/\/ifyzio.sk\/?page_id=8284#primaryimage\",\"inLanguage\":\"sk-SK\",\"url\":\"http:\/\/ifyzio.sk\/wp-content\/uploads\/2021\/03\/103.jpg\"},{\"@type\":\"WebPage\",\"@id\":\"https:\/\/ifyzio.sk\/?page_id=8284#webpage\",\"url\":\"https:\/\/ifyzio.sk\/?page_id=8284\",\"name\":\"Online ponuka programov - iFyzio - Mgr. Ivana Tankovi\\u010dov\\u00e1, fyzioterapeut, Bratislava - Ru\\u017einov\",\"isPartOf\":{\"@id\":\"https:\/\/ifyzio.sk\/#website\"},\"primaryImageOfPage\":{\"@id\":\"https:\/\/ifyzio.sk\/?page_id=8284#primaryimage\"},\"datePublished\":\"2021-03-02T09:13:38+00:00\",\"dateModified\":\"2023-11-10T21:05:13+00:00\",\"breadcrumb\":{\"@id\":\"https:\/\/ifyzio.sk\/?page_id=8284#breadcrumb\"},\"inLanguage\":\"sk-SK\",\"potentialAction\":[{\"@type\":\"ReadAction\",\"target\":[\"https:\/\/ifyzio.sk\/?page_id=8284\"]}]},{\"@type\":\"BreadcrumbList\",\"@id\":\"https:\/\/ifyzio.sk\/?page_id=8284#breadcrumb\",\"itemListElement\":[{\"@type\":\"ListItem\",\"position\":1,\"item\":{\"@type\":\"WebPage\",\"@id\":\"https:\/\/ifyzio.sk\/\",\"url\":\"https:\/\/ifyzio.sk\/\",\"name\":\"Home\"}},{\"@type\":\"ListItem\",\"position\":2,\"item\":{\"@type\":\"WebPage\",\"@id\":\"https:\/\/ifyzio.sk\/?page_id=8284\",\"url\":\"https:\/\/ifyzio.sk\/?page_id=8284\",\"name\":\"Online ponuka programov\"}}]}]}<\/script>\n<!-- \/ Yoast SEO plugin. -->","_links":{"self":[{"href":"https:\/\/ifyzio.sk\/index.php?rest_route=\/wp\/v2\/pages\/8284"}],"collection":[{"href":"https:\/\/ifyzio.sk\/index.php?rest_route=\/wp\/v2\/pages"}],"about":[{"href":"https:\/\/ifyzio.sk\/index.php?rest_route=\/wp\/v2\/types\/page"}],"author":[{"embeddable":true,"href":"https:\/\/ifyzio.sk\/index.php?rest_route=\/wp\/v2\/users\/1"}],"replies":[{"embeddable":true,"href":"https:\/\/ifyzio.sk\/index.php?rest_route=%2Fwp%2Fv2%2Fcomments&post=8284"}],"version-history":[{"count":15,"href":"https:\/\/ifyzio.sk\/index.php?rest_route=\/wp\/v2\/pages\/8284\/revisions"}],"predecessor-version":[{"id":9549,"href":"https:\/\/ifyzio.sk\/index.php?rest_route=\/wp\/v2\/pages\/8284\/revisions\/9549"}],"wp:attachment":[{"href":"https:\/\/ifyzio.sk\/index.php?rest_route=%2Fwp%2Fv2%2Fmedia&parent=8284"}],"curies":[{"name":"wp","href":"https:\/\/api.w.org\/{rel}","templated":true}]}}