{"id":8267,"date":"2021-03-01T10:15:11","date_gmt":"2021-03-01T10:15:11","guid":{"rendered":"https:\/\/ifyzio.sk\/?page_id=8267"},"modified":"2021-03-03T11:56:50","modified_gmt":"2021-03-03T11:56:50","slug":"online","status":"publish","type":"page","link":"https:\/\/ifyzio.sk\/?page_id=8267","title":{"rendered":"Online &#8211; \u00favod"},"content":{"rendered":"<div id=\"pl-8267\"  class=\"panel-layout\" ><div id=\"pg-8267-0\"  class=\"panel-grid panel-no-style\" ><div id=\"pgc-8267-0-0\"  class=\"panel-grid-cell\" ><div id=\"panel-8267-0-0-0\" class=\"so-panel widget widget_sow-editor panel-first-child panel-last-child\" data-index=\"0\" ><div class=\"so-widget-sow-editor so-widget-sow-editor-base\">\n<div class=\"siteorigin-widget-tinymce textwidget\">\n\t<p><strong><a href=\"http:\/\/ifyzio.sk\/wp-content\/uploads\/2021\/03\/102.jpg\"><img loading=\"lazy\" class=\"alignnone wp-image-7481 size-full\" src=\"http:\/\/ifyzio.sk\/wp-content\/uploads\/2021\/03\/102.jpg\" alt=\"\" width=\"850\" height=\"567\" \/><\/a><\/strong><\/p>\n<\/div>\n<\/div><\/div><\/div><div id=\"pgc-8267-0-1\"  class=\"panel-grid-cell\" ><div id=\"panel-8267-0-1-0\" class=\"so-panel widget widget_sow-editor panel-first-child panel-last-child\" data-index=\"1\" ><div class=\"so-widget-sow-editor so-widget-sow-editor-base\">\n<div class=\"siteorigin-widget-tinymce textwidget\">\n\t<p><span style=\"color: #56afd5; font-size: 15px;\"><strong>\u00davod<br \/>\n<\/strong><\/span><\/p>\n<p>Online pilates vznikol na podnety mojich klientiek aj klientov, ktor\u00ed nav\u0161tevovali pravidelne moje pilates lekcie v centre. Pand\u00e9mia zmenila pl\u00e1ny v\u0161etk\u00fdm a ked\u017ee podnetov bolo st\u00e1le viac, za\u010dala som sa venova\u0165 aj tejto oblasti. Online hodiny funguj\u00fa od marca 2020 v pravideln\u00fdch \u010dasoch a te\u0161ia sa st\u00e1le v\u00e4\u010d\u0161ej popularite. Aj ke\u010f uprednost\u0148ujem  osobn\u00fd  kontakt, je pre m\u0148a online ponuka programov hudba bud\u00facnosti, ktor\u00e1 m\u00e1 v portf\u00f3liu centra u\u017e st\u00e1le miesto. <\/p>\n<\/div>\n<\/div><\/div><\/div><\/div><\/div>","protected":false},"excerpt":{"rendered":"<p>\u00davod Online pilates vznikol na podnety mojich klientiek aj klientov, ktor\u00ed nav\u0161tevovali pravidelne moje pilates lekcie v centre. Pand\u00e9mia zmenila pl\u00e1ny v\u0161etk\u00fdm a ked\u017ee podnetov bolo st\u00e1le viac, za\u010dala som sa venova\u0165 aj tejto oblasti. Online hodiny funguj\u00fa od marca 2020 v pravideln\u00fdch \u010dasoch a te\u0161ia sa st\u00e1le v\u00e4\u010d\u0161ej popularite. Aj ke\u010f uprednost\u0148ujem osobn\u00fd kontakt, [&hellip;]<\/p>\n","protected":false},"author":1,"featured_media":0,"parent":0,"menu_order":0,"comment_status":"closed","ping_status":"closed","template":"","meta":[],"yoast_head":"<!-- This site is optimized with the Yoast SEO plugin v15.9 - https:\/\/yoast.com\/wordpress\/plugins\/seo\/ -->\n<title>Online - \u00favod - iFyzio - Mgr. Ivana Tankovi\u010dov\u00e1, fyzioterapeut, Bratislava - Ru\u017einov<\/title>\n<meta name=\"robots\" content=\"index, follow, max-snippet:-1, max-image-preview:large, max-video-preview:-1\" \/>\n<link rel=\"canonical\" href=\"https:\/\/ifyzio.sk\/?page_id=8267\" \/>\n<meta property=\"og:locale\" content=\"sk_SK\" \/>\n<meta property=\"og:type\" content=\"article\" \/>\n<meta property=\"og:title\" content=\"Online - \u00favod - iFyzio - Mgr. Ivana Tankovi\u010dov\u00e1, fyzioterapeut, Bratislava - Ru\u017einov\" \/>\n<meta property=\"og:description\" content=\"\u00davod Online pilates vznikol na podnety mojich klientiek aj klientov, ktor\u00ed nav\u0161tevovali pravidelne moje pilates lekcie v centre. Pand\u00e9mia zmenila pl\u00e1ny v\u0161etk\u00fdm a ked\u017ee podnetov bolo st\u00e1le viac, za\u010dala som sa venova\u0165 aj tejto oblasti. Online hodiny funguj\u00fa od marca 2020 v pravideln\u00fdch \u010dasoch a te\u0161ia sa st\u00e1le v\u00e4\u010d\u0161ej popularite. Aj ke\u010f uprednost\u0148ujem osobn\u00fd kontakt, [&hellip;]\" \/>\n<meta property=\"og:url\" content=\"https:\/\/ifyzio.sk\/?page_id=8267\" \/>\n<meta property=\"og:site_name\" content=\"iFyzio - Mgr. Ivana Tankovi\u010dov\u00e1, fyzioterapeut, Bratislava - Ru\u017einov\" \/>\n<meta property=\"article:modified_time\" content=\"2021-03-03T11:56:50+00:00\" \/>\n<meta property=\"og:image\" content=\"http:\/\/ifyzio.sk\/wp-content\/uploads\/2021\/03\/102.jpg\" \/>\n<meta name=\"twitter:card\" content=\"summary_large_image\" \/>\n<meta name=\"twitter:label1\" content=\"Predpokladan\u00fd \u010das \u010d\u00edtania\">\n\t<meta name=\"twitter:data1\" content=\"1 min\u00fata\">\n<script type=\"application\/ld+json\" class=\"yoast-schema-graph\">{\"@context\":\"https:\/\/schema.org\",\"@graph\":[{\"@type\":\"WebSite\",\"@id\":\"https:\/\/ifyzio.sk\/#website\",\"url\":\"https:\/\/ifyzio.sk\/\",\"name\":\"iFyzio - Fyzio Pilates Reformer Blackroll Bratislava Ru\\u017einov\",\"description\":\"Rehabilita\\u010dn\\u00e9 centrum iFyzio - ne\\u0161t\\u00e1tne zdravotn\\u00edcke zariadenie\",\"potentialAction\":[{\"@type\":\"SearchAction\",\"target\":\"https:\/\/ifyzio.sk\/?s={search_term_string}\",\"query-input\":\"required name=search_term_string\"}],\"inLanguage\":\"sk-SK\"},{\"@type\":\"ImageObject\",\"@id\":\"https:\/\/ifyzio.sk\/?page_id=8267#primaryimage\",\"inLanguage\":\"sk-SK\",\"url\":\"http:\/\/ifyzio.sk\/wp-content\/uploads\/2021\/03\/102.jpg\"},{\"@type\":\"WebPage\",\"@id\":\"https:\/\/ifyzio.sk\/?page_id=8267#webpage\",\"url\":\"https:\/\/ifyzio.sk\/?page_id=8267\",\"name\":\"Online - \\u00favod - iFyzio - Mgr. Ivana Tankovi\\u010dov\\u00e1, fyzioterapeut, Bratislava - Ru\\u017einov\",\"isPartOf\":{\"@id\":\"https:\/\/ifyzio.sk\/#website\"},\"primaryImageOfPage\":{\"@id\":\"https:\/\/ifyzio.sk\/?page_id=8267#primaryimage\"},\"datePublished\":\"2021-03-01T10:15:11+00:00\",\"dateModified\":\"2021-03-03T11:56:50+00:00\",\"breadcrumb\":{\"@id\":\"https:\/\/ifyzio.sk\/?page_id=8267#breadcrumb\"},\"inLanguage\":\"sk-SK\",\"potentialAction\":[{\"@type\":\"ReadAction\",\"target\":[\"https:\/\/ifyzio.sk\/?page_id=8267\"]}]},{\"@type\":\"BreadcrumbList\",\"@id\":\"https:\/\/ifyzio.sk\/?page_id=8267#breadcrumb\",\"itemListElement\":[{\"@type\":\"ListItem\",\"position\":1,\"item\":{\"@type\":\"WebPage\",\"@id\":\"https:\/\/ifyzio.sk\/\",\"url\":\"https:\/\/ifyzio.sk\/\",\"name\":\"Home\"}},{\"@type\":\"ListItem\",\"position\":2,\"item\":{\"@type\":\"WebPage\",\"@id\":\"https:\/\/ifyzio.sk\/?page_id=8267\",\"url\":\"https:\/\/ifyzio.sk\/?page_id=8267\",\"name\":\"Online &#8211; \\u00favod\"}}]}]}<\/script>\n<!-- \/ Yoast SEO plugin. -->","_links":{"self":[{"href":"https:\/\/ifyzio.sk\/index.php?rest_route=\/wp\/v2\/pages\/8267"}],"collection":[{"href":"https:\/\/ifyzio.sk\/index.php?rest_route=\/wp\/v2\/pages"}],"about":[{"href":"https:\/\/ifyzio.sk\/index.php?rest_route=\/wp\/v2\/types\/page"}],"author":[{"embeddable":true,"href":"https:\/\/ifyzio.sk\/index.php?rest_route=\/wp\/v2\/users\/1"}],"replies":[{"embeddable":true,"href":"https:\/\/ifyzio.sk\/index.php?rest_route=%2Fwp%2Fv2%2Fcomments&post=8267"}],"version-history":[{"count":11,"href":"https:\/\/ifyzio.sk\/index.php?rest_route=\/wp\/v2\/pages\/8267\/revisions"}],"predecessor-version":[{"id":8455,"href":"https:\/\/ifyzio.sk\/index.php?rest_route=\/wp\/v2\/pages\/8267\/revisions\/8455"}],"wp:attachment":[{"href":"https:\/\/ifyzio.sk\/index.php?rest_route=%2Fwp%2Fv2%2Fmedia&parent=8267"}],"curies":[{"name":"wp","href":"https:\/\/api.w.org\/{rel}","templated":true}]}}