{"id":7937,"date":"2018-11-16T20:20:02","date_gmt":"2018-11-16T20:20:02","guid":{"rendered":"https:\/\/ifyzio.sk\/?page_id=7937"},"modified":"2019-01-21T12:36:47","modified_gmt":"2019-01-21T12:36:47","slug":"laser","status":"publish","type":"page","link":"https:\/\/ifyzio.sk\/?page_id=7937","title":{"rendered":"Laser"},"content":{"rendered":"<div id=\"pl-7937\"  class=\"panel-layout\" ><div id=\"pg-7937-0\"  class=\"panel-grid panel-no-style\" ><div id=\"pgc-7937-0-0\"  class=\"panel-grid-cell\" ><div id=\"panel-7937-0-0-0\" class=\"so-panel widget widget_sow-editor panel-first-child panel-last-child\" data-index=\"0\" ><div class=\"so-widget-sow-editor so-widget-sow-editor-base\">\n<div class=\"siteorigin-widget-tinymce textwidget\">\n\t<p><strong>Laser monosonda<\/strong><\/p>\n<p>13,5 W,vlnov\u00e1 d\u013a\u017eka 904 nm(nevidite\u013en\u00e9 infra\u010derven\u00e9)s pulzn\u00fdm v\u00fdstupom<\/p>\n<p>M\u00e1 v\u00fdrazn\u00fd biostimula\u010dn\u00fd efekt, stimul\u00e1cia kolag\u00e9nu, podpora vaskulariz\u00e1cie tkan\u00edv, ur\u00fdchlenie regener\u00e1cie ciev, lymfatick\u00fdch ciest a epitelu, lep\u0161ie vyu\u017eitie kysl\u00edka a gluk\u00f3zy, ur\u00fdchlenie hojiv\u00e9ho procesu tkaniva. <\/p>\n<p>Hlavn\u00e9 \u00fa\u010dinky: analgetick\u00fd, protiz\u00e1palov\u00fd a protiopuchov\u00fd<\/p>\n<p><strong>Indik\u00e1cie:<\/strong><\/p>\n<p><i class=\"fa fa-check\"><\/i>\u00a0poopera\u010dn\u00e9 a po\u00farazov\u00e9 stavy<br \/>\n<i class=\"fa fa-check\"><\/i>\u00a0poranenia \u0161liach, svalov a k\u013abov<br \/>\n<i class=\"fa fa-check\"><\/i>\u00a0sublux\u00e1cia,lux\u00e1cia,distorzia<br \/>\n<i class=\"fa fa-check\"><\/i>\u00a0z\u00e1palov\u00e9 a degenerat\u00edvne zmeny pohybov\u00e9ho syst\u00e9mu<br \/>\n<i class=\"fa fa-check\"><\/i>\u00a0entesopathie(ostrohy...)<br \/>\n<i class=\"fa fa-check\"><\/i>\u00a0burzit\u00edda, tendovaginit\u00edda, synovit\u00eddy<br \/>\n<i class=\"fa fa-check\"><\/i>\u00a0zlomeniny<br \/>\n<i class=\"fa fa-check\"><\/i>\u00a0bolestiv\u00e9 syndr\u00f3my C, Th a L chrbtice<br \/>\n<i class=\"fa fa-check\"><\/i>\u00a0myofasci\u00e1lne trigger points - o\u0161etrenie sp\u00fa\u0161\u0165ov\u00fdch bodov<br \/>\n<i class=\"fa fa-check\"><\/i> bolesti k\u013abov (rameno, lake\u0165, z\u00e1p\u00e4stie, koleno, \u010dlenok, p\u00e4ty)<br \/>\n<i class=\"fa fa-check\"><\/i> artritick\u00e1 boles\u0165<\/p>\n<\/div>\n<\/div><\/div><\/div><\/div><\/div>","protected":false},"excerpt":{"rendered":"<p>Laser monosonda 13,5 W,vlnov\u00e1 d\u013a\u017eka 904 nm(nevidite\u013en\u00e9 infra\u010derven\u00e9)s pulzn\u00fdm v\u00fdstupom M\u00e1 v\u00fdrazn\u00fd biostimula\u010dn\u00fd efekt, stimul\u00e1cia kolag\u00e9nu, podpora vaskulariz\u00e1cie tkan\u00edv, ur\u00fdchlenie regener\u00e1cie ciev, lymfatick\u00fdch ciest a epitelu, lep\u0161ie vyu\u017eitie kysl\u00edka a gluk\u00f3zy, ur\u00fdchlenie hojiv\u00e9ho procesu tkaniva. Hlavn\u00e9 \u00fa\u010dinky: analgetick\u00fd, protiz\u00e1palov\u00fd a protiopuchov\u00fd Indik\u00e1cie: \u00a0poopera\u010dn\u00e9 a po\u00farazov\u00e9 stavy \u00a0poranenia \u0161liach, svalov a k\u013abov \u00a0sublux\u00e1cia,lux\u00e1cia,distorzia \u00a0z\u00e1palov\u00e9 a degenerat\u00edvne [&hellip;]<\/p>\n","protected":false},"author":1,"featured_media":0,"parent":110,"menu_order":0,"comment_status":"closed","ping_status":"closed","template":"","meta":[],"yoast_head":"<!-- This site is optimized with the Yoast SEO plugin v15.9 - https:\/\/yoast.com\/wordpress\/plugins\/seo\/ -->\n<title>Laser - iFyzio - Mgr. Ivana Tankovi\u010dov\u00e1, fyzioterapeut, Bratislava - Ru\u017einov<\/title>\n<meta name=\"robots\" content=\"index, follow, max-snippet:-1, max-image-preview:large, max-video-preview:-1\" \/>\n<link rel=\"canonical\" href=\"https:\/\/ifyzio.sk\/?page_id=7937\" \/>\n<meta property=\"og:locale\" content=\"sk_SK\" \/>\n<meta property=\"og:type\" content=\"article\" \/>\n<meta property=\"og:title\" content=\"Laser - iFyzio - Mgr. Ivana Tankovi\u010dov\u00e1, fyzioterapeut, Bratislava - Ru\u017einov\" \/>\n<meta property=\"og:description\" content=\"Laser monosonda 13,5 W,vlnov\u00e1 d\u013a\u017eka 904 nm(nevidite\u013en\u00e9 infra\u010derven\u00e9)s pulzn\u00fdm v\u00fdstupom M\u00e1 v\u00fdrazn\u00fd biostimula\u010dn\u00fd efekt, stimul\u00e1cia kolag\u00e9nu, podpora vaskulariz\u00e1cie tkan\u00edv, ur\u00fdchlenie regener\u00e1cie ciev, lymfatick\u00fdch ciest a epitelu, lep\u0161ie vyu\u017eitie kysl\u00edka a gluk\u00f3zy, ur\u00fdchlenie hojiv\u00e9ho procesu tkaniva. Hlavn\u00e9 \u00fa\u010dinky: analgetick\u00fd, protiz\u00e1palov\u00fd a protiopuchov\u00fd Indik\u00e1cie: \u00a0poopera\u010dn\u00e9 a po\u00farazov\u00e9 stavy \u00a0poranenia \u0161liach, svalov a k\u013abov \u00a0sublux\u00e1cia,lux\u00e1cia,distorzia \u00a0z\u00e1palov\u00e9 a degenerat\u00edvne [&hellip;]\" \/>\n<meta property=\"og:url\" content=\"https:\/\/ifyzio.sk\/?page_id=7937\" \/>\n<meta property=\"og:site_name\" content=\"iFyzio - Mgr. Ivana Tankovi\u010dov\u00e1, fyzioterapeut, Bratislava - Ru\u017einov\" \/>\n<meta property=\"article:modified_time\" content=\"2019-01-21T12:36:47+00:00\" \/>\n<meta name=\"twitter:card\" content=\"summary_large_image\" \/>\n<meta name=\"twitter:label1\" content=\"Predpokladan\u00fd \u010das \u010d\u00edtania\">\n\t<meta name=\"twitter:data1\" content=\"1 min\u00fata\">\n<script type=\"application\/ld+json\" class=\"yoast-schema-graph\">{\"@context\":\"https:\/\/schema.org\",\"@graph\":[{\"@type\":\"WebSite\",\"@id\":\"https:\/\/ifyzio.sk\/#website\",\"url\":\"https:\/\/ifyzio.sk\/\",\"name\":\"iFyzio - Fyzio Pilates Reformer Blackroll Bratislava Ru\\u017einov\",\"description\":\"Rehabilita\\u010dn\\u00e9 centrum iFyzio - ne\\u0161t\\u00e1tne zdravotn\\u00edcke zariadenie\",\"potentialAction\":[{\"@type\":\"SearchAction\",\"target\":\"https:\/\/ifyzio.sk\/?s={search_term_string}\",\"query-input\":\"required name=search_term_string\"}],\"inLanguage\":\"sk-SK\"},{\"@type\":\"WebPage\",\"@id\":\"https:\/\/ifyzio.sk\/?page_id=7937#webpage\",\"url\":\"https:\/\/ifyzio.sk\/?page_id=7937\",\"name\":\"Laser - iFyzio - Mgr. Ivana Tankovi\\u010dov\\u00e1, fyzioterapeut, Bratislava - Ru\\u017einov\",\"isPartOf\":{\"@id\":\"https:\/\/ifyzio.sk\/#website\"},\"datePublished\":\"2018-11-16T20:20:02+00:00\",\"dateModified\":\"2019-01-21T12:36:47+00:00\",\"breadcrumb\":{\"@id\":\"https:\/\/ifyzio.sk\/?page_id=7937#breadcrumb\"},\"inLanguage\":\"sk-SK\",\"potentialAction\":[{\"@type\":\"ReadAction\",\"target\":[\"https:\/\/ifyzio.sk\/?page_id=7937\"]}]},{\"@type\":\"BreadcrumbList\",\"@id\":\"https:\/\/ifyzio.sk\/?page_id=7937#breadcrumb\",\"itemListElement\":[{\"@type\":\"ListItem\",\"position\":1,\"item\":{\"@type\":\"WebPage\",\"@id\":\"https:\/\/ifyzio.sk\/\",\"url\":\"https:\/\/ifyzio.sk\/\",\"name\":\"Home\"}},{\"@type\":\"ListItem\",\"position\":2,\"item\":{\"@type\":\"WebPage\",\"@id\":\"https:\/\/ifyzio.sk\/?page_id=110\",\"url\":\"https:\/\/ifyzio.sk\/?page_id=110\",\"name\":\"Slu\\u017eby\"}},{\"@type\":\"ListItem\",\"position\":3,\"item\":{\"@type\":\"WebPage\",\"@id\":\"https:\/\/ifyzio.sk\/?page_id=7937\",\"url\":\"https:\/\/ifyzio.sk\/?page_id=7937\",\"name\":\"Laser\"}}]}]}<\/script>\n<!-- \/ Yoast SEO plugin. -->","_links":{"self":[{"href":"https:\/\/ifyzio.sk\/index.php?rest_route=\/wp\/v2\/pages\/7937"}],"collection":[{"href":"https:\/\/ifyzio.sk\/index.php?rest_route=\/wp\/v2\/pages"}],"about":[{"href":"https:\/\/ifyzio.sk\/index.php?rest_route=\/wp\/v2\/types\/page"}],"author":[{"embeddable":true,"href":"https:\/\/ifyzio.sk\/index.php?rest_route=\/wp\/v2\/users\/1"}],"replies":[{"embeddable":true,"href":"https:\/\/ifyzio.sk\/index.php?rest_route=%2Fwp%2Fv2%2Fcomments&post=7937"}],"version-history":[{"count":6,"href":"https:\/\/ifyzio.sk\/index.php?rest_route=\/wp\/v2\/pages\/7937\/revisions"}],"predecessor-version":[{"id":8120,"href":"https:\/\/ifyzio.sk\/index.php?rest_route=\/wp\/v2\/pages\/7937\/revisions\/8120"}],"up":[{"embeddable":true,"href":"https:\/\/ifyzio.sk\/index.php?rest_route=\/wp\/v2\/pages\/110"}],"wp:attachment":[{"href":"https:\/\/ifyzio.sk\/index.php?rest_route=%2Fwp%2Fv2%2Fmedia&parent=7937"}],"curies":[{"name":"wp","href":"https:\/\/api.w.org\/{rel}","templated":true}]}}