{"id":7935,"date":"2018-11-16T20:19:32","date_gmt":"2018-11-16T20:19:32","guid":{"rendered":"https:\/\/ifyzio.sk\/?page_id=7935"},"modified":"2019-01-21T12:23:33","modified_gmt":"2019-01-21T12:23:33","slug":"ultrazvuk","status":"publish","type":"page","link":"https:\/\/ifyzio.sk\/?page_id=7935","title":{"rendered":"Ultrazvuk"},"content":{"rendered":"<div id=\"pl-7935\"  class=\"panel-layout\" ><div id=\"pg-7935-0\"  class=\"panel-grid panel-no-style\" ><div id=\"pgc-7935-0-0\"  class=\"panel-grid-cell\" ><div id=\"panel-7935-0-0-0\" class=\"so-panel widget widget_sow-editor panel-first-child panel-last-child\" data-index=\"0\" ><div class=\"so-widget-sow-editor so-widget-sow-editor-base\">\n<div class=\"siteorigin-widget-tinymce textwidget\">\n\t<p><strong>Ultrazvuk<\/strong><\/p>\n<p>je p\u00f4sobenie mechanickej energie pozd\u013a\u017eneho vlnenia s vysokou frekvenciou. Pre terapeutick\u00e9 \u00fa\u010dely vyu\u017e\u00edvame frekvenciu 1-3 MHz (Hlavica 4 cm2), ktor\u00e1 \u00fa\u010dinn\u00e9 prenik\u00e1 do povrchov\u00fdch aj hlbok\u00fdch tkan\u00edv (p\u00f4sob\u00ed ako mikromas\u00e1\u017e tkaniva) a n\u00e1sledne sp\u00f4sobuje hlbok\u00e9 prehriatie.<\/p>\n<p>\u00da\u010dinok: myorelaxa\u010dn\u00fd a analgetick\u00fd, zlep\u0161enie trofiky tkan\u00edv, zlep\u0161enie schopnosti regener\u00e1cie po\u0161koden\u00e9ho tkaniva<\/p>\n<p><strong>Indik\u00e1cie:<\/strong><\/p>\n<p><i class=\"fa fa-check\"><\/i>\u00a0degenerat\u00edvne ochorenia<br \/>\n<i class=\"fa fa-check\"><\/i>\u00a0artr\u00f3zy, reuma<br \/>\n<i class=\"fa fa-check\"><\/i>\u00a0opuchy k\u013abov, po\u00farazov\u00e9 stavy<br \/>\n<i class=\"fa fa-check\"><\/i>\u00a0tenisov\u00fd, golfov\u00fd lake\u0165<br \/>\n<i class=\"fa fa-check\"><\/i>\u00a0p\u00e4tov\u00e1 ostroha<br \/>\n<i class=\"fa fa-check\"><\/i>\u00a0z\u00e1paly \u0161liach, svalov\u00e9 poranenia<\/p>\n<\/div>\n<\/div><\/div><\/div><\/div><\/div>","protected":false},"excerpt":{"rendered":"<p>Ultrazvuk je p\u00f4sobenie mechanickej energie pozd\u013a\u017eneho vlnenia s vysokou frekvenciou. Pre terapeutick\u00e9 \u00fa\u010dely vyu\u017e\u00edvame frekvenciu 1-3 MHz (Hlavica 4 cm2), ktor\u00e1 \u00fa\u010dinn\u00e9 prenik\u00e1 do povrchov\u00fdch aj hlbok\u00fdch tkan\u00edv (p\u00f4sob\u00ed ako mikromas\u00e1\u017e tkaniva) a n\u00e1sledne sp\u00f4sobuje hlbok\u00e9 prehriatie. \u00da\u010dinok: myorelaxa\u010dn\u00fd a analgetick\u00fd, zlep\u0161enie trofiky tkan\u00edv, zlep\u0161enie schopnosti regener\u00e1cie po\u0161koden\u00e9ho tkaniva Indik\u00e1cie: \u00a0degenerat\u00edvne ochorenia \u00a0artr\u00f3zy, reuma \u00a0opuchy [&hellip;]<\/p>\n","protected":false},"author":1,"featured_media":0,"parent":110,"menu_order":0,"comment_status":"closed","ping_status":"closed","template":"","meta":[],"yoast_head":"<!-- This site is optimized with the Yoast SEO plugin v15.9 - https:\/\/yoast.com\/wordpress\/plugins\/seo\/ -->\n<title>Ultrazvuk - iFyzio - Mgr. Ivana Tankovi\u010dov\u00e1, fyzioterapeut, Bratislava - Ru\u017einov<\/title>\n<meta name=\"robots\" content=\"index, follow, max-snippet:-1, max-image-preview:large, max-video-preview:-1\" \/>\n<link rel=\"canonical\" href=\"https:\/\/ifyzio.sk\/?page_id=7935\" \/>\n<meta property=\"og:locale\" content=\"sk_SK\" \/>\n<meta property=\"og:type\" content=\"article\" \/>\n<meta property=\"og:title\" content=\"Ultrazvuk - iFyzio - Mgr. Ivana Tankovi\u010dov\u00e1, fyzioterapeut, Bratislava - Ru\u017einov\" \/>\n<meta property=\"og:description\" content=\"Ultrazvuk je p\u00f4sobenie mechanickej energie pozd\u013a\u017eneho vlnenia s vysokou frekvenciou. Pre terapeutick\u00e9 \u00fa\u010dely vyu\u017e\u00edvame frekvenciu 1-3 MHz (Hlavica 4 cm2), ktor\u00e1 \u00fa\u010dinn\u00e9 prenik\u00e1 do povrchov\u00fdch aj hlbok\u00fdch tkan\u00edv (p\u00f4sob\u00ed ako mikromas\u00e1\u017e tkaniva) a n\u00e1sledne sp\u00f4sobuje hlbok\u00e9 prehriatie. \u00da\u010dinok: myorelaxa\u010dn\u00fd a analgetick\u00fd, zlep\u0161enie trofiky tkan\u00edv, zlep\u0161enie schopnosti regener\u00e1cie po\u0161koden\u00e9ho tkaniva Indik\u00e1cie: \u00a0degenerat\u00edvne ochorenia \u00a0artr\u00f3zy, reuma \u00a0opuchy [&hellip;]\" \/>\n<meta property=\"og:url\" content=\"https:\/\/ifyzio.sk\/?page_id=7935\" \/>\n<meta property=\"og:site_name\" content=\"iFyzio - Mgr. Ivana Tankovi\u010dov\u00e1, fyzioterapeut, Bratislava - Ru\u017einov\" \/>\n<meta property=\"article:modified_time\" content=\"2019-01-21T12:23:33+00:00\" \/>\n<meta name=\"twitter:card\" content=\"summary_large_image\" \/>\n<script type=\"application\/ld+json\" class=\"yoast-schema-graph\">{\"@context\":\"https:\/\/schema.org\",\"@graph\":[{\"@type\":\"WebSite\",\"@id\":\"https:\/\/ifyzio.sk\/#website\",\"url\":\"https:\/\/ifyzio.sk\/\",\"name\":\"iFyzio - Fyzio Pilates Reformer Blackroll Bratislava Ru\\u017einov\",\"description\":\"Rehabilita\\u010dn\\u00e9 centrum iFyzio - ne\\u0161t\\u00e1tne zdravotn\\u00edcke zariadenie\",\"potentialAction\":[{\"@type\":\"SearchAction\",\"target\":\"https:\/\/ifyzio.sk\/?s={search_term_string}\",\"query-input\":\"required name=search_term_string\"}],\"inLanguage\":\"sk-SK\"},{\"@type\":\"WebPage\",\"@id\":\"https:\/\/ifyzio.sk\/?page_id=7935#webpage\",\"url\":\"https:\/\/ifyzio.sk\/?page_id=7935\",\"name\":\"Ultrazvuk - iFyzio - Mgr. Ivana Tankovi\\u010dov\\u00e1, fyzioterapeut, Bratislava - Ru\\u017einov\",\"isPartOf\":{\"@id\":\"https:\/\/ifyzio.sk\/#website\"},\"datePublished\":\"2018-11-16T20:19:32+00:00\",\"dateModified\":\"2019-01-21T12:23:33+00:00\",\"breadcrumb\":{\"@id\":\"https:\/\/ifyzio.sk\/?page_id=7935#breadcrumb\"},\"inLanguage\":\"sk-SK\",\"potentialAction\":[{\"@type\":\"ReadAction\",\"target\":[\"https:\/\/ifyzio.sk\/?page_id=7935\"]}]},{\"@type\":\"BreadcrumbList\",\"@id\":\"https:\/\/ifyzio.sk\/?page_id=7935#breadcrumb\",\"itemListElement\":[{\"@type\":\"ListItem\",\"position\":1,\"item\":{\"@type\":\"WebPage\",\"@id\":\"https:\/\/ifyzio.sk\/\",\"url\":\"https:\/\/ifyzio.sk\/\",\"name\":\"Home\"}},{\"@type\":\"ListItem\",\"position\":2,\"item\":{\"@type\":\"WebPage\",\"@id\":\"https:\/\/ifyzio.sk\/?page_id=110\",\"url\":\"https:\/\/ifyzio.sk\/?page_id=110\",\"name\":\"Slu\\u017eby\"}},{\"@type\":\"ListItem\",\"position\":3,\"item\":{\"@type\":\"WebPage\",\"@id\":\"https:\/\/ifyzio.sk\/?page_id=7935\",\"url\":\"https:\/\/ifyzio.sk\/?page_id=7935\",\"name\":\"Ultrazvuk\"}}]}]}<\/script>\n<!-- \/ Yoast SEO plugin. -->","_links":{"self":[{"href":"https:\/\/ifyzio.sk\/index.php?rest_route=\/wp\/v2\/pages\/7935"}],"collection":[{"href":"https:\/\/ifyzio.sk\/index.php?rest_route=\/wp\/v2\/pages"}],"about":[{"href":"https:\/\/ifyzio.sk\/index.php?rest_route=\/wp\/v2\/types\/page"}],"author":[{"embeddable":true,"href":"https:\/\/ifyzio.sk\/index.php?rest_route=\/wp\/v2\/users\/1"}],"replies":[{"embeddable":true,"href":"https:\/\/ifyzio.sk\/index.php?rest_route=%2Fwp%2Fv2%2Fcomments&post=7935"}],"version-history":[{"count":5,"href":"https:\/\/ifyzio.sk\/index.php?rest_route=\/wp\/v2\/pages\/7935\/revisions"}],"predecessor-version":[{"id":8119,"href":"https:\/\/ifyzio.sk\/index.php?rest_route=\/wp\/v2\/pages\/7935\/revisions\/8119"}],"up":[{"embeddable":true,"href":"https:\/\/ifyzio.sk\/index.php?rest_route=\/wp\/v2\/pages\/110"}],"wp:attachment":[{"href":"https:\/\/ifyzio.sk\/index.php?rest_route=%2Fwp%2Fv2%2Fmedia&parent=7935"}],"curies":[{"name":"wp","href":"https:\/\/api.w.org\/{rel}","templated":true}]}}