{"id":7483,"date":"2015-11-25T21:38:30","date_gmt":"2015-11-25T21:38:30","guid":{"rendered":"http:\/\/export-xml.qreativethemes.com\/physio\/?page_id=2"},"modified":"2018-11-22T12:29:56","modified_gmt":"2018-11-22T12:29:56","slug":"about-us","status":"publish","type":"page","link":"https:\/\/ifyzio.sk\/?page_id=7483","title":{"rendered":"O n\u00e1s"},"content":{"rendered":"<div id=\"pl-7483\"  class=\"panel-layout\" ><div id=\"pg-7483-0\"  class=\"panel-grid panel-no-style\" ><div id=\"pgc-7483-0-0\"  class=\"panel-grid-cell\" ><div id=\"panel-7483-0-0-0\" class=\"so-panel widget widget_sow-editor panel-first-child\" data-index=\"0\" ><div class=\"so-widget-sow-editor so-widget-sow-editor-base\"><h3 class=\"widget-title\">O n\u00e1s<\/h3>\n<div class=\"siteorigin-widget-tinymce textwidget\">\n\t<p>iFyzio centrum vzniklo ako v\u00edzia poskytovania v\u0161etk\u00fdch slu\u017eieb na jednom mieste od individu\u00e1lnych programov po skupinov\u00e9 vzdel\u00e1vacie aktivity.<\/p>\n<\/div>\n<\/div><\/div><div id=\"panel-7483-0-0-1\" class=\"so-panel widget widget_sow-editor panel-last-child\" data-index=\"1\" ><div class=\"so-widget-sow-editor so-widget-sow-editor-base\"><h3 class=\"widget-title\">U n\u00e1s n\u00e1jdete:<\/h3>\n<div class=\"siteorigin-widget-tinymce textwidget\">\n\t<p><span class=\"icon-wrap\"><i class=\"fa fa-check\"><\/i><\/span>\u00a0nov\u00e9 priestory<\/p>\n<p><span class=\"icon-wrap\"><i class=\"fa fa-check\"><\/i><\/span> profesion\u00e1lne vybavenie<\/p>\n<p><span class=\"icon-wrap\"><i class=\"fa fa-check\"><\/i><\/span> kvalifikovan\u00fd person\u00e1l<\/p>\n<p><span class=\"icon-wrap\"><i class=\"fa fa-check\"><\/i><\/span> dobr\u00e1 dostupnos\u0165 v\u00a0\u0161ir\u0161om centre mesta<\/p>\n<p><span class=\"icon-wrap\"><i class=\"fa fa-check\"><\/i><\/span> parkovanie v\u00a0podzemnej gar\u00e1\u017ei pre klientov 2h zdarma<\/p>\n<\/div>\n<\/div><\/div><\/div><div id=\"pgc-7483-0-1\"  class=\"panel-grid-cell\" ><div id=\"panel-7483-0-1-0\" class=\"so-panel widget widget_sow-editor panel-first-child panel-last-child\" data-index=\"2\" ><div class=\"so-widget-sow-editor so-widget-sow-editor-base\"><h3 class=\"widget-title\">O mne<\/h3>\n<div class=\"siteorigin-widget-tinymce textwidget\">\n\t<p><span style=\"color: #56afd5; font-size: 15px;\"><strong>Mgr. Ivana Tankovi\u010dov\u00e1<\/strong><\/span><\/p>\n<p>&nbsp;<\/p>\n<ul>\n<li>diplomovan\u00fd fyzioterapeut<\/li>\n<li>absolventka FTV\u0160 UK v odbore TV a \u0161port - \u0161pecializ\u00e1cia regener\u00e1cia<\/li>\n<li>pilates, fitball, blackroll master trainer<\/li>\n<li>\u0161kolitel individu\u00e1lnych a skupinov\u00fdch vzdel\u00e1vac\u00edch aktiv\u00edt<\/li>\n<\/ul>\n<\/div>\n<\/div><\/div><\/div><div id=\"pgc-7483-0-2\"  class=\"panel-grid-cell\" ><div id=\"panel-7483-0-2-0\" class=\"so-panel widget widget_sow-editor panel-first-child panel-last-child\" data-index=\"3\" ><div class=\"so-widget-sow-editor so-widget-sow-editor-base\">\n<div class=\"siteorigin-widget-tinymce textwidget\">\n\t<p><a href=\"http:\/\/ifyzio.sk\/wp-content\/uploads\/2018\/11\/Iva01.jpg\" rel=\"attachment wp-att-7477\"><img loading=\"lazy\" class=\"alignnone size-full wp-image-7477\" src=\"http:\/\/ifyzio.sk\/wp-content\/uploads\/2018\/11\/Iva01.jpg\" alt=\"360x508\" width=\"360\" height=\"508\" \/><\/a><\/p>\n<\/div>\n<\/div><\/div><\/div><\/div><\/div>","protected":false},"excerpt":{"rendered":"<p>iFyzio centrum vzniklo ako v\u00edzia poskytovania v\u0161etk\u00fdch slu\u017eieb na jednom mieste od individu\u00e1lnych programov po skupinov\u00e9 vzdel\u00e1vacie aktivity. \u00a0nov\u00e9 priestory profesion\u00e1lne vybavenie kvalifikovan\u00fd person\u00e1l dobr\u00e1 dostupnos\u0165 v\u00a0\u0161ir\u0161om centre mesta parkovanie v\u00a0podzemnej gar\u00e1\u017ei pre klientov 2h zdarma Mgr. Ivana Tankovi\u010dov\u00e1 &nbsp; diplomovan\u00fd fyzioterapeut absolventka FTV\u0160 UK v odbore TV a \u0161port &#8211; \u0161pecializ\u00e1cia regener\u00e1cia pilates, fitball, [&hellip;]<\/p>\n","protected":false},"author":1,"featured_media":0,"parent":0,"menu_order":0,"comment_status":"closed","ping_status":"open","template":"","meta":[],"yoast_head":"<!-- This site is optimized with the Yoast SEO plugin v15.9 - https:\/\/yoast.com\/wordpress\/plugins\/seo\/ -->\n<title>O n\u00e1s - iFyzio - Mgr. Ivana Tankovi\u010dov\u00e1, fyzioterapeut, Bratislava - Ru\u017einov<\/title>\n<meta name=\"robots\" content=\"index, follow, max-snippet:-1, max-image-preview:large, max-video-preview:-1\" \/>\n<link rel=\"canonical\" href=\"https:\/\/ifyzio.sk\/?page_id=7483\" \/>\n<meta property=\"og:locale\" content=\"sk_SK\" \/>\n<meta property=\"og:type\" content=\"article\" \/>\n<meta property=\"og:title\" content=\"O n\u00e1s - iFyzio - Mgr. Ivana Tankovi\u010dov\u00e1, fyzioterapeut, Bratislava - Ru\u017einov\" \/>\n<meta property=\"og:description\" content=\"iFyzio centrum vzniklo ako v\u00edzia poskytovania v\u0161etk\u00fdch slu\u017eieb na jednom mieste od individu\u00e1lnych programov po skupinov\u00e9 vzdel\u00e1vacie aktivity. \u00a0nov\u00e9 priestory profesion\u00e1lne vybavenie kvalifikovan\u00fd person\u00e1l dobr\u00e1 dostupnos\u0165 v\u00a0\u0161ir\u0161om centre mesta parkovanie v\u00a0podzemnej gar\u00e1\u017ei pre klientov 2h zdarma Mgr. Ivana Tankovi\u010dov\u00e1 &nbsp; diplomovan\u00fd fyzioterapeut absolventka FTV\u0160 UK v odbore TV a \u0161port - \u0161pecializ\u00e1cia regener\u00e1cia pilates, fitball, [&hellip;]\" \/>\n<meta property=\"og:url\" content=\"https:\/\/ifyzio.sk\/?page_id=7483\" \/>\n<meta property=\"og:site_name\" content=\"iFyzio - Mgr. Ivana Tankovi\u010dov\u00e1, fyzioterapeut, Bratislava - Ru\u017einov\" \/>\n<meta property=\"article:modified_time\" content=\"2018-11-22T12:29:56+00:00\" \/>\n<meta property=\"og:image\" content=\"http:\/\/ifyzio.sk\/wp-content\/uploads\/2018\/11\/Iva01.jpg\" \/>\n<meta name=\"twitter:card\" content=\"summary_large_image\" \/>\n<meta name=\"twitter:label1\" content=\"Predpokladan\u00fd \u010das \u010d\u00edtania\">\n\t<meta name=\"twitter:data1\" content=\"1 min\u00fata\">\n<script type=\"application\/ld+json\" class=\"yoast-schema-graph\">{\"@context\":\"https:\/\/schema.org\",\"@graph\":[{\"@type\":\"WebSite\",\"@id\":\"https:\/\/ifyzio.sk\/#website\",\"url\":\"https:\/\/ifyzio.sk\/\",\"name\":\"iFyzio - Fyzio Pilates Reformer Blackroll Bratislava Ru\\u017einov\",\"description\":\"Rehabilita\\u010dn\\u00e9 centrum iFyzio - ne\\u0161t\\u00e1tne zdravotn\\u00edcke zariadenie\",\"potentialAction\":[{\"@type\":\"SearchAction\",\"target\":\"https:\/\/ifyzio.sk\/?s={search_term_string}\",\"query-input\":\"required name=search_term_string\"}],\"inLanguage\":\"sk-SK\"},{\"@type\":\"ImageObject\",\"@id\":\"https:\/\/ifyzio.sk\/?page_id=7483#primaryimage\",\"inLanguage\":\"sk-SK\",\"url\":\"http:\/\/ifyzio.sk\/wp-content\/uploads\/2018\/11\/Iva01.jpg\"},{\"@type\":\"WebPage\",\"@id\":\"https:\/\/ifyzio.sk\/?page_id=7483#webpage\",\"url\":\"https:\/\/ifyzio.sk\/?page_id=7483\",\"name\":\"O n\\u00e1s - iFyzio - Mgr. Ivana Tankovi\\u010dov\\u00e1, fyzioterapeut, Bratislava - Ru\\u017einov\",\"isPartOf\":{\"@id\":\"https:\/\/ifyzio.sk\/#website\"},\"primaryImageOfPage\":{\"@id\":\"https:\/\/ifyzio.sk\/?page_id=7483#primaryimage\"},\"datePublished\":\"2015-11-25T21:38:30+00:00\",\"dateModified\":\"2018-11-22T12:29:56+00:00\",\"breadcrumb\":{\"@id\":\"https:\/\/ifyzio.sk\/?page_id=7483#breadcrumb\"},\"inLanguage\":\"sk-SK\",\"potentialAction\":[{\"@type\":\"ReadAction\",\"target\":[\"https:\/\/ifyzio.sk\/?page_id=7483\"]}]},{\"@type\":\"BreadcrumbList\",\"@id\":\"https:\/\/ifyzio.sk\/?page_id=7483#breadcrumb\",\"itemListElement\":[{\"@type\":\"ListItem\",\"position\":1,\"item\":{\"@type\":\"WebPage\",\"@id\":\"https:\/\/ifyzio.sk\/\",\"url\":\"https:\/\/ifyzio.sk\/\",\"name\":\"Home\"}},{\"@type\":\"ListItem\",\"position\":2,\"item\":{\"@type\":\"WebPage\",\"@id\":\"https:\/\/ifyzio.sk\/?page_id=7483\",\"url\":\"https:\/\/ifyzio.sk\/?page_id=7483\",\"name\":\"O n\\u00e1s\"}}]}]}<\/script>\n<!-- \/ Yoast SEO plugin. -->","_links":{"self":[{"href":"https:\/\/ifyzio.sk\/index.php?rest_route=\/wp\/v2\/pages\/7483"}],"collection":[{"href":"https:\/\/ifyzio.sk\/index.php?rest_route=\/wp\/v2\/pages"}],"about":[{"href":"https:\/\/ifyzio.sk\/index.php?rest_route=\/wp\/v2\/types\/page"}],"author":[{"embeddable":true,"href":"https:\/\/ifyzio.sk\/index.php?rest_route=\/wp\/v2\/users\/1"}],"replies":[{"embeddable":true,"href":"https:\/\/ifyzio.sk\/index.php?rest_route=%2Fwp%2Fv2%2Fcomments&post=7483"}],"version-history":[{"count":13,"href":"https:\/\/ifyzio.sk\/index.php?rest_route=\/wp\/v2\/pages\/7483\/revisions"}],"predecessor-version":[{"id":8027,"href":"https:\/\/ifyzio.sk\/index.php?rest_route=\/wp\/v2\/pages\/7483\/revisions\/8027"}],"wp:attachment":[{"href":"https:\/\/ifyzio.sk\/index.php?rest_route=%2Fwp%2Fv2%2Fmedia&parent=7483"}],"curies":[{"name":"wp","href":"https:\/\/api.w.org\/{rel}","templated":true}]}}