{"id":110,"date":"2015-11-27T17:59:19","date_gmt":"2015-11-27T17:59:19","guid":{"rendered":"http:\/\/export-xml.qreativethemes.com\/physio\/?page_id=110"},"modified":"2018-11-15T09:35:58","modified_gmt":"2018-11-15T09:35:58","slug":"services","status":"publish","type":"page","link":"https:\/\/ifyzio.sk\/?page_id=110","title":{"rendered":"Slu\u017eby"},"content":{"rendered":"<div id=\"pl-110\"  class=\"panel-layout\" ><div id=\"pg-110-0\"  class=\"panel-grid panel-no-style\" ><div id=\"pgc-110-0-0\"  class=\"panel-grid-cell\" ><div id=\"panel-110-0-0-0\" class=\"so-panel widget widget_qt_feature_page widget-featured-page panel-first-child panel-last-child\" data-index=\"0\" >\n\t\t\t<div class=\"featured-page\">\n\t\t\t\t\t\t\t\t\t<div class=\"featured-page--image\">\n\t\t\t\t\t\t<a href=\"https:\/\/ifyzio.sk\/?page_id=307\">\n\t\t\t\t\t\t\t<img src=\"https:\/\/ifyzio.sk\/wp-content\/uploads\/2018\/09\/physio_03-360x240.jpg\" width=\"360\" height=\"240\" srcset=\"https:\/\/ifyzio.sk\/wp-content\/uploads\/2018\/09\/physio_03-360x240.jpg 360w, https:\/\/ifyzio.sk\/wp-content\/uploads\/2018\/09\/physio_03.jpg 850w\" sizes=\"(min-width: 781px) 360px, calc(100vw - 30px)\" alt=\"Individu\u00e1lna fyzioterapia\">\n\t\t\t\t\t\t\t<div class=\"featured-page--overlay\">\n\t\t\t\t\t\t\t\t\t\t\t\t\t\t\t\t\t<div class=\"overlay--center\">\n\t\t\t\t\t\t\t\t\t\t<span>Pozri viac<\/span>\n\t\t\t\t\t\t\t\t\t<\/div>\n\t\t\t\t\t\t\t\t\t\t\t\t\t\t\t<\/div>\n\t\t\t\t\t\t<\/a>\n\t\t\t\t\t<\/div>\n\t\t\t\t\t\t\t\t<div class=\"featured-page--content\">\n\t\t\t\t\t<h4 class=\"featued-page--title\">\n\t\t\t\t\t\t<a href=\"https:\/\/ifyzio.sk\/?page_id=307\">Individu\u00e1lna fyzioterapia<\/a>\n\t\t\t\t\t<\/h4>\n\t\t\t\t\t\t\t\t\t\t\t<p>Individu\u00e1lne pre klienta zostaven\u00fd kineziologick\u00fd program\u00a0so zameran\u00edm na lie\u010dbu,obnovenie a zlep\u0161enie poru\u0161en\u00fdch funkci\u00ed orgamizmu. Program zoh\u013ead\u0148uje vek...<\/p>\n\t\t\t\t\t\t\t\t\t\t\t\t\t<a href=\"https:\/\/ifyzio.sk\/?page_id=307\" class=\"text-link\">Pozri viac<\/a>\n\t\t\t\t\t\t\t\t\t\t\t\t\t\t\t<\/div>\n\t\t\t<\/div>\n\n\t\t\t<\/div><\/div><div id=\"pgc-110-0-1\"  class=\"panel-grid-cell\" ><div id=\"panel-110-0-1-0\" class=\"so-panel widget widget_qt_feature_page widget-featured-page panel-first-child panel-last-child\" data-index=\"1\" >\n\t\t\t<div class=\"featured-page\">\n\t\t\t\t\t\t\t\t\t<div class=\"featured-page--image\">\n\t\t\t\t\t\t<a href=\"https:\/\/ifyzio.sk\/?page_id=6395\">\n\t\t\t\t\t\t\t<img src=\"https:\/\/ifyzio.sk\/wp-content\/uploads\/2018\/09\/physio_07-360x240.jpg\" width=\"360\" height=\"240\" srcset=\"https:\/\/ifyzio.sk\/wp-content\/uploads\/2018\/09\/physio_07-360x240.jpg 360w, https:\/\/ifyzio.sk\/wp-content\/uploads\/2018\/09\/physio_07.jpg 850w\" sizes=\"(min-width: 781px) 360px, calc(100vw - 30px)\" alt=\"Fyzioterapia a \u0161port\">\n\t\t\t\t\t\t\t<div class=\"featured-page--overlay\">\n\t\t\t\t\t\t\t\t\t\t\t\t\t\t\t\t\t<div class=\"overlay--center\">\n\t\t\t\t\t\t\t\t\t\t<span>Pozri viac<\/span>\n\t\t\t\t\t\t\t\t\t<\/div>\n\t\t\t\t\t\t\t\t\t\t\t\t\t\t\t<\/div>\n\t\t\t\t\t\t<\/a>\n\t\t\t\t\t<\/div>\n\t\t\t\t\t\t\t\t<div class=\"featured-page--content\">\n\t\t\t\t\t<h4 class=\"featued-page--title\">\n\t\t\t\t\t\t<a href=\"https:\/\/ifyzio.sk\/?page_id=6395\">Fyzioterapia a \u0161port<\/a>\n\t\t\t\t\t<\/h4>\n\t\t\t\t\t\t\t\t\t\t\t<p>V r\u00e1mci \u0161portov\u00e9ho\/po\u00farazov\u00e9ho programu rie\u0161ime: \u00farazy z pre\u0165a\u017eenia, stresov\u00e9 zlomeniny; svalov\u00e9 po\u0161kodenia, \u00farazy \u0161liach a m\u00e4kk\u00fdch \u010dast\u00ed; \u00farazy kolien, \u010dlenkov...<\/p>\n\t\t\t\t\t\t\t\t\t\t\t\t\t<a href=\"https:\/\/ifyzio.sk\/?page_id=6395\" class=\"text-link\">Pozri viac<\/a>\n\t\t\t\t\t\t\t\t\t\t\t\t\t\t\t<\/div>\n\t\t\t<\/div>\n\n\t\t\t<\/div><\/div><div id=\"pgc-110-0-2\"  class=\"panel-grid-cell\" ><div id=\"panel-110-0-2-0\" class=\"so-panel widget widget_qt_feature_page widget-featured-page panel-first-child panel-last-child\" data-index=\"2\" >\n\t\t\t<div class=\"featured-page\">\n\t\t\t\t\t\t\t\t\t<div class=\"featured-page--image\">\n\t\t\t\t\t\t<a href=\"https:\/\/ifyzio.sk\/?page_id=6393\">\n\t\t\t\t\t\t\t<img src=\"https:\/\/ifyzio.sk\/wp-content\/uploads\/2018\/09\/physio_08-360x240.jpg\" width=\"360\" height=\"240\" srcset=\"https:\/\/ifyzio.sk\/wp-content\/uploads\/2018\/09\/physio_08-360x240.jpg 360w, https:\/\/ifyzio.sk\/wp-content\/uploads\/2018\/09\/physio_08.jpg 850w\" sizes=\"(min-width: 781px) 360px, calc(100vw - 30px)\" alt=\"Pracovn\u00fd program a ergon\u00f3mia\">\n\t\t\t\t\t\t\t<div class=\"featured-page--overlay\">\n\t\t\t\t\t\t\t\t\t\t\t\t\t\t\t\t\t<div class=\"overlay--center\">\n\t\t\t\t\t\t\t\t\t\t<span>Pozri viac<\/span>\n\t\t\t\t\t\t\t\t\t<\/div>\n\t\t\t\t\t\t\t\t\t\t\t\t\t\t\t<\/div>\n\t\t\t\t\t\t<\/a>\n\t\t\t\t\t<\/div>\n\t\t\t\t\t\t\t\t<div class=\"featured-page--content\">\n\t\t\t\t\t<h4 class=\"featued-page--title\">\n\t\t\t\t\t\t<a href=\"https:\/\/ifyzio.sk\/?page_id=6393\">Pracovn\u00fd program a ergon\u00f3mia<\/a>\n\t\t\t\t\t<\/h4>\n\t\t\t\t\t\t\t\t\t\t\t<p>Ergonomick\u00e9 a pracovn\u00e9 poradenstvo pre firmy - poskytujeme poradenstvo nastavenia pracovn\u00e9ho prostredia, in\u0161trukt\u00e1\u017e spr\u00e1vneho sedu, \u0161kolenia relaxa\u010dn\u00fdch techn\u00edk v kancel\u00e1ri\u00ed,...<\/p>\n\t\t\t\t\t\t\t\t\t\t\t\t\t<a href=\"https:\/\/ifyzio.sk\/?page_id=6393\" class=\"text-link\">Pozri viac<\/a>\n\t\t\t\t\t\t\t\t\t\t\t\t\t\t\t<\/div>\n\t\t\t<\/div>\n\n\t\t\t<\/div><\/div><\/div><div id=\"pg-110-1\"  class=\"panel-grid panel-no-style\" ><div id=\"pgc-110-1-0\"  class=\"panel-grid-cell\" ><div id=\"panel-110-1-0-0\" class=\"so-panel widget widget_qt_feature_page widget-featured-page panel-first-child panel-last-child\" data-index=\"3\" >\n\t\t\t<div class=\"featured-page\">\n\t\t\t\t\t\t\t\t\t<div class=\"featured-page--image\">\n\t\t\t\t\t\t<a href=\"https:\/\/ifyzio.sk\/?page_id=6397\">\n\t\t\t\t\t\t\t<img src=\"https:\/\/ifyzio.sk\/wp-content\/uploads\/2018\/09\/physio_14-360x240.jpg\" width=\"360\" height=\"240\" srcset=\"https:\/\/ifyzio.sk\/wp-content\/uploads\/2018\/09\/physio_14-360x240.jpg 360w, https:\/\/ifyzio.sk\/wp-content\/uploads\/2018\/09\/physio_14.jpg 850w\" sizes=\"(min-width: 781px) 360px, calc(100vw - 30px)\" alt=\"Fyzio pilates\">\n\t\t\t\t\t\t\t<div class=\"featured-page--overlay\">\n\t\t\t\t\t\t\t\t\t\t\t\t\t\t\t\t\t<div class=\"overlay--center\">\n\t\t\t\t\t\t\t\t\t\t<span>Pozri viac<\/span>\n\t\t\t\t\t\t\t\t\t<\/div>\n\t\t\t\t\t\t\t\t\t\t\t\t\t\t\t<\/div>\n\t\t\t\t\t\t<\/a>\n\t\t\t\t\t<\/div>\n\t\t\t\t\t\t\t\t<div class=\"featured-page--content\">\n\t\t\t\t\t<h4 class=\"featued-page--title\">\n\t\t\t\t\t\t<a href=\"https:\/\/ifyzio.sk\/?page_id=6397\">Fyzio pilates<\/a>\n\t\t\t\t\t<\/h4>\n\t\t\t\t\t\t\t\t\t\t\t<p>Terapeuticky efekt\u00edvna met\u00f3da,je kombin\u00e1ciou rehabilita\u010dn\u00fdch princ\u00edpov a pilatesovej met\u00f3dy,zostaven\u00e1 fyzioterapeutom priamo na lie\u010dbu konkr\u00e9tneho zdravotn\u00e9ho probl\u00e9mu.<\/p>\n\t\t\t\t\t\t\t\t\t\t\t\t\t<a href=\"https:\/\/ifyzio.sk\/?page_id=6397\" class=\"text-link\">Pozri viac<\/a>\n\t\t\t\t\t\t\t\t\t\t\t\t\t\t\t<\/div>\n\t\t\t<\/div>\n\n\t\t\t<\/div><\/div><div id=\"pgc-110-1-1\"  class=\"panel-grid-cell\" ><div id=\"panel-110-1-1-0\" class=\"so-panel widget widget_qt_feature_page widget-featured-page panel-first-child panel-last-child\" data-index=\"4\" >\n\t\t\t<div class=\"featured-page\">\n\t\t\t\t\t\t\t\t\t<div class=\"featured-page--image\">\n\t\t\t\t\t\t<a href=\"https:\/\/ifyzio.sk\/?page_id=7699\">\n\t\t\t\t\t\t\t<img src=\"https:\/\/ifyzio.sk\/wp-content\/uploads\/2018\/09\/reformer01-360x240.png\" width=\"360\" height=\"240\" srcset=\"https:\/\/ifyzio.sk\/wp-content\/uploads\/2018\/09\/reformer01-360x240.png 360w, https:\/\/ifyzio.sk\/wp-content\/uploads\/2018\/09\/reformer01-850x521.png 850w\" sizes=\"(min-width: 781px) 360px, calc(100vw - 30px)\" alt=\"Fyzio pilates Reformer\">\n\t\t\t\t\t\t\t<div class=\"featured-page--overlay\">\n\t\t\t\t\t\t\t\t\t\t\t\t\t\t\t\t\t<div class=\"overlay--center\">\n\t\t\t\t\t\t\t\t\t\t<span>Pozri viac<\/span>\n\t\t\t\t\t\t\t\t\t<\/div>\n\t\t\t\t\t\t\t\t\t\t\t\t\t\t\t<\/div>\n\t\t\t\t\t\t<\/a>\n\t\t\t\t\t<\/div>\n\t\t\t\t\t\t\t\t<div class=\"featured-page--content\">\n\t\t\t\t\t<h4 class=\"featued-page--title\">\n\t\t\t\t\t\t<a href=\"https:\/\/ifyzio.sk\/?page_id=7699\">Fyzio pilates Reformer<\/a>\n\t\t\t\t\t<\/h4>\n\t\t\t\t\t\t\t\t\t\t\t<p>\n\n\t\n\n\n\n\n\n\tFyzio pilates reformer\nCvi\u010debn\u00fd stroj patriaci do s\u00e9rie pilatesov\u00fdch apar\u00e1tov.\n<span class=\"icon-wrap\"><i class=\"fa &quot;fa-check&quot;\"><\/i><\/span> kon\u0161trukcia zostaven\u00e1 z pohyblivej plo\u0161iny,nastavite\u013enej hrazdy...<\/p>\n\t\t\t\t\t\t\t\t\t\t\t\t\t<a href=\"https:\/\/ifyzio.sk\/?page_id=7699\" class=\"text-link\">Pozri viac<\/a>\n\t\t\t\t\t\t\t\t\t\t\t\t\t\t\t<\/div>\n\t\t\t<\/div>\n\n\t\t\t<\/div><\/div><div id=\"pgc-110-1-2\"  class=\"panel-grid-cell\" ><div id=\"panel-110-1-2-0\" class=\"so-panel widget widget_qt_feature_page widget-featured-page panel-first-child panel-last-child\" data-index=\"5\" >\n\t\t\t<div class=\"featured-page\">\n\t\t\t\t\t\t\t\t\t<div class=\"featured-page--image\">\n\t\t\t\t\t\t<a href=\"https:\/\/ifyzio.sk\/?page_id=6266\">\n\t\t\t\t\t\t\t<img src=\"https:\/\/ifyzio.sk\/wp-content\/uploads\/2018\/09\/physio_02-360x240.jpg\" width=\"360\" height=\"240\" srcset=\"https:\/\/ifyzio.sk\/wp-content\/uploads\/2018\/09\/physio_02-360x240.jpg 360w, https:\/\/ifyzio.sk\/wp-content\/uploads\/2018\/09\/physio_02.jpg 850w\" sizes=\"(min-width: 781px) 360px, calc(100vw - 30px)\" alt=\"M\u00e4kk\u00e9 techniky\">\n\t\t\t\t\t\t\t<div class=\"featured-page--overlay\">\n\t\t\t\t\t\t\t\t\t\t\t\t\t\t\t\t\t<div class=\"overlay--center\">\n\t\t\t\t\t\t\t\t\t\t<span>Pozri viac<\/span>\n\t\t\t\t\t\t\t\t\t<\/div>\n\t\t\t\t\t\t\t\t\t\t\t\t\t\t\t<\/div>\n\t\t\t\t\t\t<\/a>\n\t\t\t\t\t<\/div>\n\t\t\t\t\t\t\t\t<div class=\"featured-page--content\">\n\t\t\t\t\t<h4 class=\"featued-page--title\">\n\t\t\t\t\t\t<a href=\"https:\/\/ifyzio.sk\/?page_id=6266\">M\u00e4kk\u00e9 techniky<\/a>\n\t\t\t\t\t<\/h4>\n\t\t\t\t\t\t\t\t\t\t\t<p>M\u00e4kk\u00e9 techniky s\u00fa manu\u00e1lne techniky zameran\u00e9 na uvo\u013enenie zaspazmovan\u00fdch oblast\u00ed chrbtice a in\u00fdch \u010dast\u00ed organizmu. Indikuj\u00fa sa na uvo\u013enenie jaziev, ko\u017ee, podko\u017eia...<\/p>\n\t\t\t\t\t\t\t\t\t\t\t\t\t<a href=\"https:\/\/ifyzio.sk\/?page_id=6266\" class=\"text-link\">Pozri viac<\/a>\n\t\t\t\t\t\t\t\t\t\t\t\t\t\t\t<\/div>\n\t\t\t<\/div>\n\n\t\t\t<\/div><\/div><\/div><div id=\"pg-110-2\"  class=\"panel-grid panel-no-style\" ><div id=\"pgc-110-2-0\"  class=\"panel-grid-cell\" ><div id=\"panel-110-2-0-0\" class=\"so-panel widget widget_qt_feature_page widget-featured-page panel-first-child panel-last-child\" data-index=\"6\" >\n\t\t\t<div class=\"featured-page\">\n\t\t\t\t\t\t\t\t\t<div class=\"featured-page--image\">\n\t\t\t\t\t\t<a href=\"https:\/\/ifyzio.sk\/?page_id=6263\">\n\t\t\t\t\t\t\t<img src=\"https:\/\/ifyzio.sk\/wp-content\/uploads\/2018\/09\/SM1-360x240.jpg\" width=\"360\" height=\"240\" srcset=\"https:\/\/ifyzio.sk\/wp-content\/uploads\/2018\/09\/SM1-360x240.jpg 360w, https:\/\/ifyzio.sk\/wp-content\/uploads\/2018\/09\/SM1-850x566.jpg 850w\" sizes=\"(min-width: 781px) 360px, calc(100vw - 30px)\" alt=\"SM syst\u00e9m\">\n\t\t\t\t\t\t\t<div class=\"featured-page--overlay\">\n\t\t\t\t\t\t\t\t\t\t\t\t\t\t\t\t\t<div class=\"overlay--center\">\n\t\t\t\t\t\t\t\t\t\t<span>Pozri viac<\/span>\n\t\t\t\t\t\t\t\t\t<\/div>\n\t\t\t\t\t\t\t\t\t\t\t\t\t\t\t<\/div>\n\t\t\t\t\t\t<\/a>\n\t\t\t\t\t<\/div>\n\t\t\t\t\t\t\t\t<div class=\"featured-page--content\">\n\t\t\t\t\t<h4 class=\"featued-page--title\">\n\t\t\t\t\t\t<a href=\"https:\/\/ifyzio.sk\/?page_id=6263\">SM syst\u00e9m<\/a>\n\t\t\t\t\t<\/h4>\n\t\t\t\t\t\t\t\t\t\t\t<p>SM syst\u00e9m - cvi\u010debn\u00e1 met\u00f3da vhodn\u00e1 pri vertebrog\u00e9nnych probl\u00e9moch, chybnom dr\u017ean\u00ed tela, skoli\u00f3zach, herni\u00e1ch disku, stuhnutej \u0161iji a probl\u00e9moch v oblasti lopatiek.<\/p>\n\t\t\t\t\t\t\t\t\t\t\t\t\t<a href=\"https:\/\/ifyzio.sk\/?page_id=6263\" class=\"text-link\">Pozri viac<\/a>\n\t\t\t\t\t\t\t\t\t\t\t\t\t\t\t<\/div>\n\t\t\t<\/div>\n\n\t\t\t<\/div><\/div><div id=\"pgc-110-2-1\"  class=\"panel-grid-cell\" ><div id=\"panel-110-2-1-0\" class=\"so-panel widget widget_qt_feature_page widget-featured-page panel-first-child panel-last-child\" data-index=\"7\" >\n\t\t\t<div class=\"featured-page\">\n\t\t\t\t\t\t\t\t\t<div class=\"featured-page--image\">\n\t\t\t\t\t\t<a href=\"https:\/\/ifyzio.sk\/?page_id=7882\">\n\t\t\t\t\t\t\t<img src=\"https:\/\/ifyzio.sk\/wp-content\/uploads\/2018\/11\/blackroll02-360x240.jpg\" width=\"360\" height=\"240\" srcset=\"https:\/\/ifyzio.sk\/wp-content\/uploads\/2018\/11\/blackroll02-360x240.jpg 360w, https:\/\/ifyzio.sk\/wp-content\/uploads\/2018\/11\/blackroll02-850x567.jpg 850w\" sizes=\"(min-width: 781px) 360px, calc(100vw - 30px)\" alt=\"Blackroll\">\n\t\t\t\t\t\t\t<div class=\"featured-page--overlay\">\n\t\t\t\t\t\t\t\t\t\t\t\t\t\t\t\t\t<div class=\"overlay--center\">\n\t\t\t\t\t\t\t\t\t\t<span>Pozri viac<\/span>\n\t\t\t\t\t\t\t\t\t<\/div>\n\t\t\t\t\t\t\t\t\t\t\t\t\t\t\t<\/div>\n\t\t\t\t\t\t<\/a>\n\t\t\t\t\t<\/div>\n\t\t\t\t\t\t\t\t<div class=\"featured-page--content\">\n\t\t\t\t\t<h4 class=\"featued-page--title\">\n\t\t\t\t\t\t<a href=\"https:\/\/ifyzio.sk\/?page_id=7882\">Blackroll<\/a>\n\t\t\t\t\t<\/h4>\n\t\t\t\t\t\t\t\t\t\t\t<p>V\u00fdrazne zlep\u0161\u00ed rozsah pohybov, dynamiku, svalov\u00fa silu a kond\u00edciu. P\u00f4sob\u00ed prevent\u00edvne proti typick\u00fdm svalov\u00fdm zraneniam pri \u0161portovom tr\u00e9ningu a z\u00e1\u0165a\u017ei. Optimalizuje regener\u00e1ciu...<\/p>\n\t\t\t\t\t\t\t\t\t\t\t\t\t<a href=\"https:\/\/ifyzio.sk\/?page_id=7882\" class=\"text-link\">Pozri viac<\/a>\n\t\t\t\t\t\t\t\t\t\t\t\t\t\t\t<\/div>\n\t\t\t<\/div>\n\n\t\t\t<\/div><\/div><div id=\"pgc-110-2-2\"  class=\"panel-grid-cell\" ><div id=\"panel-110-2-2-0\" class=\"so-panel widget widget_qt_feature_page widget-featured-page panel-first-child panel-last-child\" data-index=\"8\" >\n\t\t\t<div class=\"featured-page\">\n\t\t\t\t\t\t\t\t\t<div class=\"featured-page--image\">\n\t\t\t\t\t\t<a href=\"https:\/\/ifyzio.sk\/?page_id=7905\">\n\t\t\t\t\t\t\t<img src=\"https:\/\/ifyzio.sk\/wp-content\/uploads\/2018\/11\/teambuilding-360x240.jpg\" width=\"360\" height=\"240\" srcset=\"https:\/\/ifyzio.sk\/wp-content\/uploads\/2018\/11\/teambuilding-360x240.jpg 360w, https:\/\/ifyzio.sk\/wp-content\/uploads\/2018\/11\/teambuilding-850x567.jpg 850w\" sizes=\"(min-width: 781px) 360px, calc(100vw - 30px)\" alt=\"Teambuilding\">\n\t\t\t\t\t\t\t<div class=\"featured-page--overlay\">\n\t\t\t\t\t\t\t\t\t\t\t\t\t\t\t\t\t<div class=\"overlay--center\">\n\t\t\t\t\t\t\t\t\t\t<span>Pozri viac<\/span>\n\t\t\t\t\t\t\t\t\t<\/div>\n\t\t\t\t\t\t\t\t\t\t\t\t\t\t\t<\/div>\n\t\t\t\t\t\t<\/a>\n\t\t\t\t\t<\/div>\n\t\t\t\t\t\t\t\t<div class=\"featured-page--content\">\n\t\t\t\t\t<h4 class=\"featued-page--title\">\n\t\t\t\t\t\t<a href=\"https:\/\/ifyzio.sk\/?page_id=7905\">Teambuilding<\/a>\n\t\t\t\t\t<\/h4>\n\t\t\t\t\t\t\t\t\t\t\t<p>Okrem slu\u017eieb ergonomick\u00e9ho a pracovn\u00e9ho poradenstva pon\u00fakame pre firmy teambuildingov\u00e9 aktivity - individu\u00e1lne programy Fyzio, Pilates, Zdrav\u00fd chrb\u00e1t.<\/p>\n\t\t\t\t\t\t\t\t\t\t\t\t\t<a href=\"https:\/\/ifyzio.sk\/?page_id=7905\" class=\"text-link\">Pozri viac<\/a>\n\t\t\t\t\t\t\t\t\t\t\t\t\t\t\t<\/div>\n\t\t\t<\/div>\n\n\t\t\t<\/div><\/div><\/div><\/div>","protected":false},"excerpt":{"rendered":"<p>Pozri viac Individu\u00e1lna fyzioterapia Individu\u00e1lne pre klienta zostaven\u00fd kineziologick\u00fd program\u00a0so zameran\u00edm na lie\u010dbu,obnovenie a zlep\u0161enie poru\u0161en\u00fdch funkci\u00ed orgamizmu. Program zoh\u013ead\u0148uje vek&#8230; Pozri viac Pozri viac Fyzioterapia a \u0161port V r\u00e1mci \u0161portov\u00e9ho\/po\u00farazov\u00e9ho programu rie\u0161ime: \u00farazy z pre\u0165a\u017eenia, stresov\u00e9 zlomeniny; svalov\u00e9 po\u0161kodenia, \u00farazy \u0161liach a m\u00e4kk\u00fdch \u010dast\u00ed; \u00farazy kolien, \u010dlenkov&#8230; Pozri viac Pozri viac Pracovn\u00fd program a [&hellip;]<\/p>\n","protected":false},"author":1,"featured_media":0,"parent":0,"menu_order":0,"comment_status":"closed","ping_status":"closed","template":"","meta":[],"yoast_head":"<!-- This site is optimized with the Yoast SEO plugin v15.9 - https:\/\/yoast.com\/wordpress\/plugins\/seo\/ -->\n<title>Slu\u017eby - iFyzio - Mgr. Ivana Tankovi\u010dov\u00e1, fyzioterapeut, Bratislava - Ru\u017einov<\/title>\n<meta name=\"robots\" content=\"index, follow, max-snippet:-1, max-image-preview:large, max-video-preview:-1\" \/>\n<link rel=\"canonical\" href=\"https:\/\/ifyzio.sk\/?page_id=110\" \/>\n<meta property=\"og:locale\" content=\"sk_SK\" \/>\n<meta property=\"og:type\" content=\"article\" \/>\n<meta property=\"og:title\" content=\"Slu\u017eby - iFyzio - Mgr. Ivana Tankovi\u010dov\u00e1, fyzioterapeut, Bratislava - Ru\u017einov\" \/>\n<meta property=\"og:description\" content=\"Pozri viac Individu\u00e1lna fyzioterapia Individu\u00e1lne pre klienta zostaven\u00fd kineziologick\u00fd program\u00a0so zameran\u00edm na lie\u010dbu,obnovenie a zlep\u0161enie poru\u0161en\u00fdch funkci\u00ed orgamizmu. Program zoh\u013ead\u0148uje vek... Pozri viac Pozri viac Fyzioterapia a \u0161port V r\u00e1mci \u0161portov\u00e9ho\/po\u00farazov\u00e9ho programu rie\u0161ime: \u00farazy z pre\u0165a\u017eenia, stresov\u00e9 zlomeniny; svalov\u00e9 po\u0161kodenia, \u00farazy \u0161liach a m\u00e4kk\u00fdch \u010dast\u00ed; \u00farazy kolien, \u010dlenkov... Pozri viac Pozri viac Pracovn\u00fd program a [&hellip;]\" \/>\n<meta property=\"og:url\" content=\"https:\/\/ifyzio.sk\/?page_id=110\" \/>\n<meta property=\"og:site_name\" content=\"iFyzio - Mgr. Ivana Tankovi\u010dov\u00e1, fyzioterapeut, Bratislava - Ru\u017einov\" \/>\n<meta property=\"article:modified_time\" content=\"2018-11-15T09:35:58+00:00\" \/>\n<meta name=\"twitter:card\" content=\"summary_large_image\" \/>\n<script type=\"application\/ld+json\" class=\"yoast-schema-graph\">{\"@context\":\"https:\/\/schema.org\",\"@graph\":[{\"@type\":\"WebSite\",\"@id\":\"https:\/\/ifyzio.sk\/#website\",\"url\":\"https:\/\/ifyzio.sk\/\",\"name\":\"iFyzio - Fyzio Pilates Reformer Blackroll Bratislava Ru\\u017einov\",\"description\":\"Rehabilita\\u010dn\\u00e9 centrum iFyzio - ne\\u0161t\\u00e1tne zdravotn\\u00edcke zariadenie\",\"potentialAction\":[{\"@type\":\"SearchAction\",\"target\":\"https:\/\/ifyzio.sk\/?s={search_term_string}\",\"query-input\":\"required name=search_term_string\"}],\"inLanguage\":\"sk-SK\"},{\"@type\":\"WebPage\",\"@id\":\"https:\/\/ifyzio.sk\/?page_id=110#webpage\",\"url\":\"https:\/\/ifyzio.sk\/?page_id=110\",\"name\":\"Slu\\u017eby - iFyzio - Mgr. Ivana Tankovi\\u010dov\\u00e1, fyzioterapeut, Bratislava - Ru\\u017einov\",\"isPartOf\":{\"@id\":\"https:\/\/ifyzio.sk\/#website\"},\"datePublished\":\"2015-11-27T17:59:19+00:00\",\"dateModified\":\"2018-11-15T09:35:58+00:00\",\"breadcrumb\":{\"@id\":\"https:\/\/ifyzio.sk\/?page_id=110#breadcrumb\"},\"inLanguage\":\"sk-SK\",\"potentialAction\":[{\"@type\":\"ReadAction\",\"target\":[\"https:\/\/ifyzio.sk\/?page_id=110\"]}]},{\"@type\":\"BreadcrumbList\",\"@id\":\"https:\/\/ifyzio.sk\/?page_id=110#breadcrumb\",\"itemListElement\":[{\"@type\":\"ListItem\",\"position\":1,\"item\":{\"@type\":\"WebPage\",\"@id\":\"https:\/\/ifyzio.sk\/\",\"url\":\"https:\/\/ifyzio.sk\/\",\"name\":\"Home\"}},{\"@type\":\"ListItem\",\"position\":2,\"item\":{\"@type\":\"WebPage\",\"@id\":\"https:\/\/ifyzio.sk\/?page_id=110\",\"url\":\"https:\/\/ifyzio.sk\/?page_id=110\",\"name\":\"Slu\\u017eby\"}}]}]}<\/script>\n<!-- \/ Yoast SEO plugin. -->","_links":{"self":[{"href":"https:\/\/ifyzio.sk\/index.php?rest_route=\/wp\/v2\/pages\/110"}],"collection":[{"href":"https:\/\/ifyzio.sk\/index.php?rest_route=\/wp\/v2\/pages"}],"about":[{"href":"https:\/\/ifyzio.sk\/index.php?rest_route=\/wp\/v2\/types\/page"}],"author":[{"embeddable":true,"href":"https:\/\/ifyzio.sk\/index.php?rest_route=\/wp\/v2\/users\/1"}],"replies":[{"embeddable":true,"href":"https:\/\/ifyzio.sk\/index.php?rest_route=%2Fwp%2Fv2%2Fcomments&post=110"}],"version-history":[{"count":14,"href":"https:\/\/ifyzio.sk\/index.php?rest_route=\/wp\/v2\/pages\/110\/revisions"}],"predecessor-version":[{"id":7912,"href":"https:\/\/ifyzio.sk\/index.php?rest_route=\/wp\/v2\/pages\/110\/revisions\/7912"}],"wp:attachment":[{"href":"https:\/\/ifyzio.sk\/index.php?rest_route=%2Fwp%2Fv2%2Fmedia&parent=110"}],"curies":[{"name":"wp","href":"https:\/\/api.w.org\/{rel}","templated":true}]}}